{"id":867,"date":"2020-02-25T21:36:16","date_gmt":"2020-02-26T00:36:16","guid":{"rendered":"https:\/\/www.amgestudiocreativo.com.ar\/amg\/?page_id=867"},"modified":"2020-02-28T19:50:06","modified_gmt":"2020-02-28T22:50:06","slug":"curso-diseno-molderia-pantalones","status":"publish","type":"page","link":"https:\/\/www.amgestudiocreativo.com.ar\/amg\/capacitacion\/cursos-amg-estudio-creativo\/curso-diseno-molderia-pantalones\/","title":{"rendered":"Curso Dise\u00f1o y Molder\u00eda de Pantalones"},"content":{"rendered":"<h4><strong>Dise\u00f1ar tus Pantalones es posible, sumate.<br>Tenemos el mejor curso para vos<\/strong><\/h4>\n\n\n<hr class=\"wp-block-separator\"\/>\n\n\n<h5>C\u00f3mo son las clases del Curso de Dise\u00f1o y Molder\u00eda de Pantalones?<\/h5>\n\n\n<div class=\"wp-block-media-text alignwide has-media-on-the-right\" style=\"grid-template-columns:auto 25%\"><figure class=\"wp-block-media-text__media\"><img loading=\"lazy\" decoding=\"async\" width=\"769\" height=\"1024\" src=\"https:\/\/www.amgestudiocreativo.com.ar\/amg\/wp-content\/uploads\/2020\/02\/Curso-Pantalones-09.png\" alt=\"Curso Pantalones 09\" class=\"wp-image-875\" title=\"\" srcset=\"https:\/\/www.amgestudiocreativo.com.ar\/amg\/wp-content\/uploads\/2020\/02\/Curso-Pantalones-09.png 769w, https:\/\/www.amgestudiocreativo.com.ar\/amg\/wp-content\/uploads\/2020\/02\/Curso-Pantalones-09-600x799.png 600w\" sizes=\"auto, (max-width: 769px) 100vw, 769px\" \/><\/figure><div class=\"wp-block-media-text__content\">\n<p class=\"has-text-align-left\">El Curso de Dise\u00f1o y Molder\u00eda de Pantalones se desarrolla en <strong>16 <\/strong>clases  de 2hs , 1 vez por semana. Dura 4 meses<br>Son te\u00f3rico-pr\u00e1cticas y no se necesitan conocimientos previos.<br>Con el avance de las clases te decimos qu\u00e9 materiales necesitas comprar, pero siempre a tu gusto.<br>Contamos con m\u00e1quinas de coser, o pod\u00e9s traer la tuya.<\/p>\n<\/div><\/div>\n\n\n<h5>Vas a aprender a:<\/h5>\n\n\n<ul class=\"wp-block-list\"><li>Identificar  y tomar las medidas necesarias para realizar pantalones<\/li><li>Reconocer los diferentes textiles y av\u00edos, para que puedas elegir lo que mejor se adapte a tu dise\u00f1o <\/li><li>Desarrollar la molder\u00eda base de pantal\u00f3n<\/li><li>Transformar las bases para crear nuevos modelos en forma pr\u00e1ctica<\/li><li>Crear y trabajar con Fichas T\u00e9cnicas<\/li><li>Cortar los diferentes tipos de telas con los que trabajes. Tela plana con elastano, telas rayadas \/ escocesas, con pelo (gamuzada), tela semi satinada, poly cotton, gabardina elastizada, modal, etc)<\/li><li>Trucos de costura para realizar los trabajos en m\u00e1quinas de coser familiares<\/li><li>Realizar Pantal\u00f3n Base de Vestir<\/li><li>Bolsillos: diagonal (vista y bolsa), en la costura lateral, bolsillo ojal, etc<\/li><li>Presillas<\/li><li>Bragueta<\/li><li>Cruce bot\u00f3n y ojal<\/li><li>Pantal\u00f3n skinny \/ chup\u00edn<\/li><li>Pantal\u00f3n pinzado<\/li><li>Cintura alta<\/li><li>Cintura elastizada<\/li><li>Variantes en bolsillos, cinturas y presillas<\/li><li>Dise\u00f1os propios (alumnas)<\/li><li>Pantal\u00f3n Palazzo<\/li><li>Botamanga con doble doblez<\/li><li>Pollera pantal\u00f3n<\/li><li>Modelos &#8220;Jeaneros&#8221;  Slim, oxford y  boyfriend<\/li><li>Pantalones de Moda &#8211; Dise\u00f1o alumnas<\/li><li>Deportivo, elastizado recto y Calzas<\/li><\/ul>\n\n\n<h5>Qu\u00e9 obten\u00e9s<\/h5>\n\n\n<ul class=\"wp-block-list\"><li>Una mont\u00f3n de modelos de pantalones, cubriendo todos los usos<\/li><li>Te vas a llevar una experiencia pr\u00e1ctica y \u00fatil para vos o tu emprendimiento<\/li><li>Vas a intercambiar ideas y expandir tu creatividad<\/li><li>Vas a llevarte la molder\u00eda de tus propios dise\u00f1os y tu pantalones terminados<\/li><li>Apuntes de nuestra autor\u00eda, s\u00faper completos y sin costo adicional<\/li><li>Te entregamos certificado de asistencia<\/li><\/ul>\n\n\n\n<hr class=\"wp-block-separator\"\/>\n\n\n<h5>Grupos reducidos<\/h5>\n\n\n<p>S\u00f3lo son 4 (cuatro) vacantes!<br>Queremos garantizar que las clases sean efectivas y que puedas sacarle el m\u00e1ximo beneficio.<br>Balanceamos&nbsp; la colaboraci\u00f3n e intercambio de ideas en grupo con los beneficios de una clase personalizada. <\/p>\n\n\n<h5>Forma de Pago e inscripci\u00f3n<\/h5>\n\n\n<p>En AMG <strong>no<\/strong> cobramos inscripci\u00f3n, por lo que para anotarte se debe abonar previamente y as\u00ed te aseguras tu lugar.<br> Una vez que recibimos tu solicitud de inscripci\u00f3n con tus datos, te enviamos la info de acuerdo a tu forma de pago elegida.<br>Ten\u00e9s distintas alternativas de pago: <\/p>\n\n\n\n<ul class=\"wp-block-list\"><li>Efectivo &#8211; coordinamos una cita para que pases por el estudio<\/li><li>Transferencia Bancaria &#8211; Cuando recibimos tus datos, te enviamos la informaci\u00f3n de la cuenta<\/li><li>Tarjeta de Cr\u00e9dito\/D\u00e9bito con MercadoPago &#8211; Te enviamos el link de pago (Tiene 5% de recargo)<\/li><\/ul>\n\n\n<h5>Valor y Fechas<\/h5>\n\n<div class=\"supsystic-table-loader spinner\"style=\"background-color:#50c8b4\"><\/div><div id=\"supsystic-table-11_29901\" class=\"supsystic-tables-wrap \" style=\" visibility: hidden; \" ><table id=\"supsystic-table-11\" class=\"supsystic-table compact border stripe hover lightboxImg cell-border\" data-id=\"11\" data-view-id=\"11_29901\" data-title=\"Cursos_Pantalones\" data-currency-format=\"$1,000.00\" data-percent-format=\"10.00%\" data-date-format=\"DD.MM.YYYY\" data-time-format=\"HH:mm\" data-features=\"[&quot;after_table_loaded_script&quot;,&quot;auto_width&quot;]\" data-search-value=\"\" data-lightbox-img=\"\" data-head=\"on\" data-head-rows-count=\"1\" data-pagination-length=\"50,100,All\" data-auto-index=\"off\" data-searching-settings=\"{&quot;columnSearchPosition&quot;:&quot;bottom&quot;,&quot;minChars&quot;:&quot;0&quot;}\" data-lang=\"Spanish\" data-override=\"{&quot;emptyTable&quot;:&quot;&quot;,&quot;info&quot;:&quot;&quot;,&quot;infoEmpty&quot;:&quot;&quot;,&quot;infoFiltered&quot;:&quot;&quot;,&quot;lengthMenu&quot;:&quot;&quot;,&quot;search&quot;:&quot;&quot;,&quot;zeroRecords&quot;:&quot;&quot;,&quot;exportLabel&quot;:&quot;&quot;,&quot;file&quot;:&quot;Spanish&quot;}\" data-merged=\"[{&quot;row&quot;:3,&quot;col&quot;:0,&quot;rowspan&quot;:1,&quot;colspan&quot;:6,&quot;removed&quot;:false},{&quot;row&quot;:4,&quot;col&quot;:0,&quot;rowspan&quot;:1,&quot;colspan&quot;:6,&quot;removed&quot;:false}]\" data-responsive-mode=\"0\" data-from-history=\"0\" ><thead><tr><th data-cell-id=\"A1\" data-x=\"0\" data-y=\"1\" data-db-index=\"1\" class=\"htMiddle htLeft bold\" data-cell-type=\"text\" data-original-value=\"Curso\" data-order=\"Curso\" >Curso <\/th><th data-cell-id=\"B1\" data-x=\"1\" data-y=\"1\" data-db-index=\"1\" class=\"htMiddle htCenter bold\" data-cell-type=\"text\" data-original-value=\"Clases\" data-order=\"Clases\" >Clases <\/th><th data-cell-id=\"C1\" data-x=\"2\" data-y=\"1\" data-db-index=\"1\" class=\"bold htCenter htMiddle\" data-cell-type=\"text\" data-original-value=\"Horarios\" data-order=\"Horarios\" >Horarios <\/th><th data-cell-id=\"D1\" data-x=\"3\" data-y=\"1\" data-db-index=\"1\" class=\"htMiddle htCenter bold\" data-cell-type=\"text\" data-original-value=\"Fecha de inicio\" data-order=\"Fecha de inicio\" >Fecha de inicio <\/th><th data-cell-id=\"E1\" data-x=\"4\" data-y=\"1\" data-db-index=\"1\" class=\"htMiddle htCenter bold\" data-cell-type=\"text\" data-original-value=\"Valor*\" data-order=\"Valor*\" >Valor* <\/th><th data-cell-id=\"F1\" data-x=\"5\" data-y=\"1\" data-db-index=\"1\" class=\"bold htCenter htMiddle\" data-cell-type=\"text\" data-original-value=\"MercadoPago**\" data-order=\"MercadoPago**\" >MercadoPago** <\/th><\/tr><\/thead><tbody><tr style=\"height:px\" ><td data-cell-id=\"A2\" data-x=\"0\" data-y=\"2\" data-db-index=\"2\" class=\"bold htLeft htMiddle\" data-cell-type=\"text\" data-original-value=\"&lt;a href=&quot;https:\/\/www.amgestudiocreativo.com.ar\/amg\/?page_id=867&quot; target=&quot;_blank&quot;&gt;Dise\u00f1o de Pantalones&lt;\/a&gt;\" data-order=\"&lt;a href=&quot;https:\/\/www.amgestudiocreativo.com.ar\/amg\/?page_id=867&quot; target=&quot;_blank&quot;&gt;Dise\u00f1o de Pantalones&lt;\/a&gt;\" ><a href=\"https:\/\/www.amgestudiocreativo.com.ar\/amg\/?page_id=867\" target=\"_blank\">Dise\u00f1o de Pantalones<\/a><\/td><td data-cell-id=\"B2\" data-x=\"1\" data-y=\"2\" data-db-index=\"2\" class=\"htCenter htMiddle\" data-cell-type=\"text\" data-cell-format-type=\"number\" data-original-value=\"16\" data-order=\"16\" >16 <\/td><td data-cell-id=\"C2\" data-x=\"2\" data-y=\"2\" data-db-index=\"2\" class=\"htCenter htMiddle\" data-cell-type=\"text\" data-original-value=\"Martes 18:30-20:30hs\" data-order=\"Martes 18:30-20:30hs\" >Martes 18:30-20:30hs <\/td><td data-cell-id=\"D2\" data-x=\"3\" data-y=\"2\" data-db-index=\"2\" class=\"htCenter htMiddle\" data-cell-type=\"text\" data-original-value=\"10-Mar\" data-order=\"10-Mar\" >10-Mar <\/td><td data-cell-id=\"E2\" data-x=\"4\" data-y=\"2\" data-db-index=\"2\" class=\"htCenter htMiddle\" data-cell-type=\"text\" data-original-value=\"$2700 x mes\" data-order=\"$2700 x mes\" >$2700 x mes <\/td><td data-cell-id=\"F2\" data-x=\"5\" data-y=\"2\" data-db-index=\"2\" class=\"htCenter htMiddle bold\" data-cell-type=\"text\" data-cell-format-type=\"number\" data-original-value=\"&lt;a href=&quot;https:\/\/www.mercadopago.com.ar\/checkout\/v1\/redirect?pref_id=11487890-d30cf11d-5914-441b-a8b6-eb9a2fa1cdf4&quot; class=&#039;orange-ar-s-rn-aron&#039;&gt;Pagar&lt;\/a&gt; (function(){function $MPC_load(){window.$MPC_loaded !== true &amp;&amp; (function(){var s = document.createElement(&quot;script&quot;);s.type = &quot;text\/javascript&quot;;s.async = true;s.src = document.location.protocol+&quot;\/\/secure.mlstatic.com\/mptools\/render.js&quot;;var x = document.getElementsByTagName(&#039;script&#039;)[0];x.parentNode.insertBefore(s, x);window.$MPC_loaded = true;})();}window.$MPC_loaded !== true ? (window.attachEvent ?window.attachEvent(&#039;onload&#039;, $MPC_load) : window.addEventListener(&#039;load&#039;, $MPC_load, false)) : null;})(); \" data-order=\"&lt;a href=&quot;https:\/\/www.mercadopago.com.ar\/checkout\/v1\/redirect?pref_id=11487890-d30cf11d-5914-441b-a8b6-eb9a2fa1cdf4&quot; class=&#039;orange-ar-s-rn-aron&#039;&gt;Pagar&lt;\/a&gt; (function(){function $MPC_load(){window.$MPC_loaded !== true &amp;&amp; (function(){var s = document.createElement(&quot;script&quot;);s.type = &quot;text\/javascript&quot;;s.async = true;s.src = document.location.protocol+&quot;\/\/secure.mlstatic.com\/mptools\/render.js&quot;;var x = document.getElementsByTagName(&#039;script&#039;)[0];x.parentNode.insertBefore(s, x);window.$MPC_loaded = true;})();}window.$MPC_loaded !== true ? (window.attachEvent ?window.attachEvent(&#039;onload&#039;, $MPC_load) : window.addEventListener(&#039;load&#039;, $MPC_load, false)) : null;})(); \" ><a href=\"https:\/\/www.mercadopago.com.ar\/checkout\/v1\/redirect?pref_id=11487890-d30cf11d-5914-441b-a8b6-eb9a2fa1cdf4\" class=\"orange-ar-s-rn-aron\" target=\"_blank\" rel=\"noopener\">Pagar<\/a> (function(){function $MPC_load(){window.$MPC_loaded !== true && (function(){var s = document.createElement(\"script\");s.type = \"text\/javascript\";s.async = true;s.src = document.location.protocol+\"\/\/secure.mlstatic.com\/mptools\/render.js\";var x = document.getElementsByTagName('script')[0];x.parentNode.insertBefore(s, x);window.$MPC_loaded = true;})();}window.$MPC_loaded !== true ? (window.attachEvent ?window.attachEvent('onload', $MPC_load) : window.addEventListener('load', $MPC_load, false)) : null;})(); <\/td><\/tr><tr style=\"height:px\" ><td data-cell-id=\"A3\" data-x=\"0\" data-y=\"3\" data-db-index=\"3\" class=\"bold htLeft htMiddle\" data-cell-type=\"text\" data-original-value=\"&lt;a href=&quot;https:\/\/www.amgestudiocreativo.com.ar\/amg\/?page_id=867&quot; target=&quot;_blank&quot;&gt;Dise\u00f1o de Pantalones&lt;\/a&gt;\" data-order=\"&lt;a href=&quot;https:\/\/www.amgestudiocreativo.com.ar\/amg\/?page_id=867&quot; target=&quot;_blank&quot;&gt;Dise\u00f1o de Pantalones&lt;\/a&gt;\" ><a href=\"https:\/\/www.amgestudiocreativo.com.ar\/amg\/?page_id=867\" target=\"_blank\">Dise\u00f1o de Pantalones<\/a><\/td><td data-cell-id=\"B3\" data-x=\"1\" data-y=\"3\" data-db-index=\"3\" class=\"htCenter htMiddle\" data-cell-type=\"text\" data-cell-format-type=\"number\" data-original-value=\"16\" data-order=\"16\" >16 <\/td><td data-cell-id=\"C3\" data-x=\"2\" data-y=\"3\" data-db-index=\"3\" class=\"htCenter htMiddle\" data-cell-type=\"text\" data-original-value=\"Viernes 9-11hs\" data-order=\"Viernes 9-11hs\" >Viernes 9-11hs <\/td><td data-cell-id=\"D3\" data-x=\"3\" data-y=\"3\" data-db-index=\"3\" class=\"htCenter htMiddle\" data-cell-type=\"text\" data-original-value=\"13-Mar\" data-order=\"13-Mar\" >13-Mar <\/td><td data-cell-id=\"E3\" data-x=\"4\" data-y=\"3\" data-db-index=\"3\" class=\"htCenter htMiddle\" data-cell-type=\"text\" data-original-value=\"$2700 x mes\" data-order=\"$2700 x mes\" >$2700 x mes <\/td><td data-cell-id=\"F3\" data-x=\"5\" data-y=\"3\" data-db-index=\"3\" class=\"htMiddle htCenter\" data-cell-type=\"text\" data-original-value=\"&lt;a href=&quot;https:\/\/www.mercadopago.com.ar\/checkout\/v1\/redirect?pref_id=11487890-d30cf11d-5914-441b-a8b6-eb9a2fa1cdf4&quot; class=&#039;orange-ar-s-rn-aron&#039;&gt;Pagar&lt;\/a&gt; (function(){function $MPC_load(){window.$MPC_loaded !== true &amp;&amp; (function(){var s = document.createElement(&quot;script&quot;);s.type = &quot;text\/javascript&quot;;s.async = true;s.src = document.location.protocol+&quot;\/\/secure.mlstatic.com\/mptools\/render.js&quot;;var x = document.getElementsByTagName(&#039;script&#039;)[0];x.parentNode.insertBefore(s, x);window.$MPC_loaded = true;})();}window.$MPC_loaded !== true ? (window.attachEvent ?window.attachEvent(&#039;onload&#039;, $MPC_load) : window.addEventListener(&#039;load&#039;, $MPC_load, false)) : null;})(); \" data-order=\"&lt;a href=&quot;https:\/\/www.mercadopago.com.ar\/checkout\/v1\/redirect?pref_id=11487890-d30cf11d-5914-441b-a8b6-eb9a2fa1cdf4&quot; class=&#039;orange-ar-s-rn-aron&#039;&gt;Pagar&lt;\/a&gt; (function(){function $MPC_load(){window.$MPC_loaded !== true &amp;&amp; (function(){var s = document.createElement(&quot;script&quot;);s.type = &quot;text\/javascript&quot;;s.async = true;s.src = document.location.protocol+&quot;\/\/secure.mlstatic.com\/mptools\/render.js&quot;;var x = document.getElementsByTagName(&#039;script&#039;)[0];x.parentNode.insertBefore(s, x);window.$MPC_loaded = true;})();}window.$MPC_loaded !== true ? (window.attachEvent ?window.attachEvent(&#039;onload&#039;, $MPC_load) : window.addEventListener(&#039;load&#039;, $MPC_load, false)) : null;})(); \" ><a href=\"https:\/\/www.mercadopago.com.ar\/checkout\/v1\/redirect?pref_id=11487890-d30cf11d-5914-441b-a8b6-eb9a2fa1cdf4\" class=\"orange-ar-s-rn-aron\" target=\"_blank\" rel=\"noopener\">Pagar<\/a> (function(){function $MPC_load(){window.$MPC_loaded !== true && (function(){var s = document.createElement(\"script\");s.type = \"text\/javascript\";s.async = true;s.src = document.location.protocol+\"\/\/secure.mlstatic.com\/mptools\/render.js\";var x = document.getElementsByTagName('script')[0];x.parentNode.insertBefore(s, x);window.$MPC_loaded = true;})();}window.$MPC_loaded !== true ? (window.attachEvent ?window.attachEvent('onload', $MPC_load) : window.addEventListener('load', $MPC_load, false)) : null;})(); <\/td><\/tr><tr style=\"height:px\" ><td data-cell-id=\"A4\" data-x=\"0\" data-y=\"4\" data-db-index=\"4\" class=\"bold htCenter htMiddle\" data-cell-type=\"text\" data-original-value=\"* Valor abonando en efectivo o transferencia\" data-order=\"* Valor abonando en efectivo o transferencia\" data-colspan=\"6\" data-rowspan=\"1\" >* Valor abonando en efectivo o transferencia <\/td><td data-cell-id=\"B4\" data-x=\"1\" data-y=\"4\" data-db-index=\"4\" class=\"htCenter htMiddle\" data-cell-type=\"text\" data-cell-format-type=\"number\" data-original-value=\"\" data-order=\"\" data-hide=\"true\" ><\/td><td data-cell-id=\"C4\" data-x=\"2\" data-y=\"4\" data-db-index=\"4\" class=\"htCenter htMiddle\" data-cell-type=\"text\" data-original-value=\"\" data-order=\"\" data-hide=\"true\" ><\/td><td data-cell-id=\"D4\" data-x=\"3\" data-y=\"4\" data-db-index=\"4\" class=\"htCenter htMiddle\" data-cell-type=\"text\" data-original-value=\"\" data-order=\"\" data-hide=\"true\" ><\/td><td data-cell-id=\"E4\" data-x=\"4\" data-y=\"4\" data-db-index=\"4\" class=\"htCenter htMiddle\" data-cell-type=\"text\" data-original-value=\"\" data-order=\"\" data-hide=\"true\" ><\/td><td data-cell-id=\"F4\" data-x=\"5\" data-y=\"4\" data-db-index=\"4\" class=\"htCenter htMiddle\" data-cell-type=\"text\" data-original-value=\"\" data-order=\"\" data-hide=\"true\" ><\/td><\/tr><tr style=\"height:px\" ><td data-cell-id=\"A5\" data-x=\"0\" data-y=\"5\" data-db-index=\"5\" class=\"bold htCenter htMiddle\" data-cell-type=\"text\" data-original-value=\"** MercadoPago sumar 5% adicional\" data-order=\"** MercadoPago sumar 5% adicional\" data-colspan=\"6\" data-rowspan=\"1\" >** MercadoPago sumar 5% adicional <\/td><td data-cell-id=\"B5\" data-x=\"1\" data-y=\"5\" data-db-index=\"5\" class=\"htCenter htMiddle\" data-cell-type=\"text\" data-cell-format-type=\"number\" data-original-value=\"\" data-order=\"\" data-hide=\"true\" ><\/td><td data-cell-id=\"C5\" data-x=\"2\" data-y=\"5\" data-db-index=\"5\" class=\"htCenter htMiddle\" data-cell-type=\"text\" data-original-value=\"\" data-order=\"\" data-hide=\"true\" ><\/td><td data-cell-id=\"D5\" data-x=\"3\" data-y=\"5\" data-db-index=\"5\" class=\"htCenter htMiddle\" data-cell-type=\"text\" data-original-value=\"\" data-order=\"\" data-hide=\"true\" ><\/td><td data-cell-id=\"E5\" data-x=\"4\" data-y=\"5\" data-db-index=\"5\" class=\"htCenter htMiddle\" data-cell-type=\"text\" data-original-value=\"\" data-order=\"\" data-hide=\"true\" ><\/td><td data-cell-id=\"F5\" data-x=\"5\" data-y=\"5\" data-db-index=\"5\" class=\"htCenter htMiddle\" data-cell-type=\"text\" data-original-value=\"\" data-order=\"\" data-hide=\"true\" ><\/td><\/tr><\/tbody><\/table><!-- \/#supsystic-table-11.supsystic-table --><div class=\"table-signature\">AMG Estudio Creativo - Dise\u00f1o | Moda | Indumentaria | Lencer\u00eda | Calzado | Marroquiner\u00eda<\/div><\/div><!-- \/.supsystic-tables-wrap --><!-- Tables Generator by Supsystic --><!-- Version:1.10.47 --><!-- http:\/\/supsystic.com\/ --><a title=\"WordPress Data Table Plugin\" style=\"display:none;\" href=\"https:\/\/supsystic.com\/plugins\/wordpress-data-table-plugin\/?utm_medium=love_link\" target=\"_blank\" rel=\"noopener\">WordPress Data Table Plugin<\/a>\n\n\n\n<div class=\"wp-block-button\"><a class=\"wp-block-button__link has-orange-background-color has-background has-text-align-center wp-element-button\" href=\"https:\/\/tienda.amgestudiocreativo.com.ar\/cursos-presenciales\" target=\"_blank\" rel=\"noreferrer noopener\">INSCRIBIRME YA!<\/a><\/div>\n\n\n\n<hr class=\"wp-block-separator\"\/>\n\n\n\n<p>Para conocer el Valor , d\u00edas, y  horarios de todos los cursos disponibles;  toc\u00e1 el bot\u00f3n<\/p>\n\n\n\n<div class=\"wp-block-button aligncenter is-style-default\"><a class=\"wp-block-button__link has-orange-background-color has-background\" href=\"https:\/\/www.amgestudiocreativo.com.ar\/amg\/calendario-de-cursos-y-talleres\/\">Ver Horarios  y Valores&#8230;<\/a><\/div>\n\n\n\n<hr class=\"wp-block-separator\"\/>\n\n\n\n<p class=\"has-text-align-center\">Sitio dise\u00f1ado y administrado por <a rel=\"noreferrer noopener\" aria-label=\" (abre en una nueva pesta\u00f1a)\" href=\"https:\/\/www.instagram.com\/falboph\" target=\"_blank\" class=\"rank-math-link\">@FalboPh<\/a><\/p>\n","protected":false},"excerpt":{"rendered":"<p>Dise\u00f1ar tus Pantalones es posible, sumate.Tenemos el mejor curso para vos C\u00f3mo son las clases del Curso de Dise\u00f1o y Molder\u00eda de Pantalones? El Curso&hellip;<\/p>\n","protected":false},"author":1,"featured_media":873,"parent":31,"menu_order":0,"comment_status":"closed","ping_status":"closed","template":"","meta":{"content-type":"","footnotes":""},"class_list":["post-867","page","type-page","status-publish","has-post-thumbnail","hentry"],"_links":{"self":[{"href":"https:\/\/www.amgestudiocreativo.com.ar\/amg\/wp-json\/wp\/v2\/pages\/867","targetHints":{"allow":["GET"]}}],"collection":[{"href":"https:\/\/www.amgestudiocreativo.com.ar\/amg\/wp-json\/wp\/v2\/pages"}],"about":[{"href":"https:\/\/www.amgestudiocreativo.com.ar\/amg\/wp-json\/wp\/v2\/types\/page"}],"author":[{"embeddable":true,"href":"https:\/\/www.amgestudiocreativo.com.ar\/amg\/wp-json\/wp\/v2\/users\/1"}],"replies":[{"embeddable":true,"href":"https:\/\/www.amgestudiocreativo.com.ar\/amg\/wp-json\/wp\/v2\/comments?post=867"}],"version-history":[{"count":12,"href":"https:\/\/www.amgestudiocreativo.com.ar\/amg\/wp-json\/wp\/v2\/pages\/867\/revisions"}],"predecessor-version":[{"id":909,"href":"https:\/\/www.amgestudiocreativo.com.ar\/amg\/wp-json\/wp\/v2\/pages\/867\/revisions\/909"}],"up":[{"embeddable":true,"href":"https:\/\/www.amgestudiocreativo.com.ar\/amg\/wp-json\/wp\/v2\/pages\/31"}],"wp:featuredmedia":[{"embeddable":true,"href":"https:\/\/www.amgestudiocreativo.com.ar\/amg\/wp-json\/wp\/v2\/media\/873"}],"wp:attachment":[{"href":"https:\/\/www.amgestudiocreativo.com.ar\/amg\/wp-json\/wp\/v2\/media?parent=867"}],"curies":[{"name":"wp","href":"https:\/\/api.w.org\/{rel}","templated":true}]}}