{"id":662,"date":"2019-12-20T14:36:47","date_gmt":"2019-12-20T17:36:47","guid":{"rendered":"https:\/\/www.amgestudiocreativo.com.ar\/amg\/?page_id=662"},"modified":"2019-12-22T20:25:54","modified_gmt":"2019-12-22T23:25:54","slug":"taller-confeccion-bikini-triangulito","status":"publish","type":"page","link":"https:\/\/www.amgestudiocreativo.com.ar\/amg\/capacitacion\/workshops-amg-estudio-creativo\/taller-confeccion-bikini-triangulito\/","title":{"rendered":"Taller de Bikini Triangulito"},"content":{"rendered":"<h4><strong>Si quer\u00e9s hacer tu Bikini, no te pierdas este Taller<\/strong><\/h4>\n\n\n<hr class=\"wp-block-separator\"\/>\n\n\n<h5>C\u00f3mo son las clases?<\/h5>\n\n\n<div class=\"wp-block-media-text alignwide has-media-on-the-right\" style=\"grid-template-columns:auto 32%\"><figure class=\"wp-block-media-text__media\"><img loading=\"lazy\" decoding=\"async\" width=\"736\" height=\"980\" src=\"https:\/\/www.amgestudiocreativo.com.ar\/amg\/wp-content\/uploads\/2019\/12\/BikiniT3.jpeg\" alt=\"\" class=\"wp-image-669\" title=\"\" srcset=\"https:\/\/www.amgestudiocreativo.com.ar\/amg\/wp-content\/uploads\/2019\/12\/BikiniT3.jpeg 736w, https:\/\/www.amgestudiocreativo.com.ar\/amg\/wp-content\/uploads\/2019\/12\/BikiniT3-600x799.jpeg 600w, https:\/\/www.amgestudiocreativo.com.ar\/amg\/wp-content\/uploads\/2019\/12\/BikiniT3-225x300.jpeg 225w\" sizes=\"auto, (max-width: 736px) 100vw, 736px\" \/><\/figure><div class=\"wp-block-media-text__content\">\n<p class=\"has-text-align-left\">El taller se desarrolla en 2 clases de 3hs.<br>Son te\u00f3rico-pr\u00e1cticas y no se necesitan conocimientos previos.<br>Los materiales est\u00e1n inclu\u00eddos.<br>Contamos con m\u00e1quinas de coser, o pod\u00e9s traer la tuya.<\/p>\n<\/div><\/div>\n\n\n<h5>Qu\u00e9 vas a aprender<\/h5>\n\n\n<ul class=\"wp-block-list\"><li>A  identificar  y tomar las medidas necesarias para cortar y coser la Bikini<\/li><li>A trabajar correctamente con la molder\u00eda de corpi\u00f1o y bombacha sobre la tela<\/li><li>A utilizar trucos para realizar los trabajos en m\u00e1quinas de coser familiares<\/li><\/ul>\n\n\n<h5>Qu\u00e9 obten\u00e9s<\/h5>\n\n\n<ul class=\"wp-block-list\"><li>Te vas a llevar una experiencia pr\u00e1ctica y \u00fatil para vos o tu emprendimiento<\/li><li>Muchas ideas y opciones de variantes para  expandir tu creatividad<\/li><li>Vas a llevarte  tu Bikini con push-up desmontable terminada, en el talle que elijas (90-95 o 100-105)<\/li><li>Ficha T\u00e9cnica de nuestra autor\u00eda, s\u00faper completa y sin costo adicional<\/li><li>Te entregamos certificado de asistencia<\/li><\/ul>\n\n\n\n<hr class=\"wp-block-separator\"\/>\n\n\n\n<div class=\"wp-block-button\"><a class=\"wp-block-button__link has-orange-background-color has-background has-text-align-center wp-element-button\" href=\"https:\/\/tienda.amgestudiocreativo.com.ar\/cursos-presenciales\" target=\"_blank\" rel=\"noreferrer noopener\">INSCRIBIRME YA!<\/a><\/div>\n\n\n<h5>Grupos reducidos<\/h5>\n\n\n<p>Queremos garantizar que las clases sean efectivas y que puedas sacarle el m\u00e1ximo beneficio.<br>Balanceamos&nbsp; la colaboraci\u00f3n e intercambio de ideas en grupo con los beneficios de una clase personalizada. <\/p>\n\n\n<h5>Forma de Pago e inscripci\u00f3n<\/h5>\n\n\n<p>En AMG <strong>no<\/strong> cobramos inscripci\u00f3n, por lo que para anotarte se debe abonar previamente y as\u00ed te aseguras tu lugar.<br> Una vez que recibimos tu solicitud de inscripci\u00f3n con tus datos, te enviamos la info de acuerdo a tu forma de pago elegida.<br>Ten\u00e9s distintas alternativas de pago: <\/p>\n\n\n\n<ul class=\"wp-block-list\"><li>Efectivo &#8211; coordinamos una cita para que pases por el estudio<\/li><li>Transferencia Bancaria &#8211; Cuando recibimos tus datos, te enviamos la informaci\u00f3n de la cuenta<\/li><li>Tarjeta de Cr\u00e9dito\/D\u00e9bito con MercadoPago &#8211; Te enviamos el link de pago (Tiene 5% de recargo)<\/li><\/ul>\n\n\n<h5>Valor y Fechas<\/h5>\n\n\n<p>Para conocer el Valor , d\u00edas, y  horarios disponibles;  visit\u00e1 el <a href=\"https:\/\/amgestudiocreativo.com.ar\/amg\/?page_id=30\">Calendario de Cursos y Talleres<\/a><\/p>\n\n\n\n<div class=\"wp-block-button aligncenter is-style-default\"><a class=\"wp-block-button__link has-orange-background-color has-background\" href=\"https:\/\/www.amgestudiocreativo.com.ar\/amg\/calendario-de-cursos-y-talleres\/\">Ver Horarios  y Valores&#8230;<\/a><\/div>\n","protected":false},"excerpt":{"rendered":"<p>Si quer\u00e9s hacer tu Bikini, no te pierdas este Taller C\u00f3mo son las clases? El taller se desarrolla en 2 clases de 3hs.Son te\u00f3rico-pr\u00e1cticas y&hellip;<\/p>\n","protected":false},"author":1,"featured_media":666,"parent":32,"menu_order":0,"comment_status":"closed","ping_status":"closed","template":"","meta":{"content-type":"","footnotes":""},"class_list":["post-662","page","type-page","status-publish","has-post-thumbnail","hentry"],"_links":{"self":[{"href":"https:\/\/www.amgestudiocreativo.com.ar\/amg\/wp-json\/wp\/v2\/pages\/662","targetHints":{"allow":["GET"]}}],"collection":[{"href":"https:\/\/www.amgestudiocreativo.com.ar\/amg\/wp-json\/wp\/v2\/pages"}],"about":[{"href":"https:\/\/www.amgestudiocreativo.com.ar\/amg\/wp-json\/wp\/v2\/types\/page"}],"author":[{"embeddable":true,"href":"https:\/\/www.amgestudiocreativo.com.ar\/amg\/wp-json\/wp\/v2\/users\/1"}],"replies":[{"embeddable":true,"href":"https:\/\/www.amgestudiocreativo.com.ar\/amg\/wp-json\/wp\/v2\/comments?post=662"}],"version-history":[{"count":0,"href":"https:\/\/www.amgestudiocreativo.com.ar\/amg\/wp-json\/wp\/v2\/pages\/662\/revisions"}],"up":[{"embeddable":true,"href":"https:\/\/www.amgestudiocreativo.com.ar\/amg\/wp-json\/wp\/v2\/pages\/32"}],"wp:featuredmedia":[{"embeddable":true,"href":"https:\/\/www.amgestudiocreativo.com.ar\/amg\/wp-json\/wp\/v2\/media\/666"}],"wp:attachment":[{"href":"https:\/\/www.amgestudiocreativo.com.ar\/amg\/wp-json\/wp\/v2\/media?parent=662"}],"curies":[{"name":"wp","href":"https:\/\/api.w.org\/{rel}","templated":true}]}}