{"id":632,"date":"2019-09-15T20:20:05","date_gmt":"2019-09-15T23:20:05","guid":{"rendered":"https:\/\/www.amgestudiocreativo.com.ar\/amg\/?page_id=632"},"modified":"2019-09-15T21:30:58","modified_gmt":"2019-09-16T00:30:58","slug":"curso-trajes-bano","status":"publish","type":"page","link":"https:\/\/www.amgestudiocreativo.com.ar\/amg\/capacitacion\/cursos-amg-estudio-creativo\/curso-trajes-bano\/","title":{"rendered":"Curso de Trajes de Ba\u00f1o"},"content":{"rendered":"<h4><strong>Si so\u00f1\u00e1s con dise\u00f1ar y hacer Trajes de Ba\u00f1o. Sumate al curso!<\/strong><\/h4>\n\n\n<hr class=\"wp-block-separator\"\/>\n\n\n<h5>C\u00f3mo son las clases?<\/h5>\n\n\n<div class=\"wp-block-media-text alignwide has-media-on-the-right\" style=\"grid-template-columns:auto 25%\"><figure class=\"wp-block-media-text__media\"><img loading=\"lazy\" decoding=\"async\" width=\"600\" height=\"799\" src=\"https:\/\/www.amgestudiocreativo.com.ar\/amg\/wp-content\/uploads\/2019\/09\/15553921101207750380_thumbnail_600x799.png\" alt=\"\" class=\"wp-image-634\" title=\"\" srcset=\"https:\/\/www.amgestudiocreativo.com.ar\/amg\/wp-content\/uploads\/2019\/09\/15553921101207750380_thumbnail_600x799.png 600w, https:\/\/www.amgestudiocreativo.com.ar\/amg\/wp-content\/uploads\/2019\/09\/15553921101207750380_thumbnail_600x799-225x300.png 225w\" sizes=\"auto, (max-width: 600px) 100vw, 600px\" \/><\/figure><div class=\"wp-block-media-text__content\">\n<p style=\"text-align:left\">El curso se desarrolla en 12 clases semanales de 2hs.<br>Son te\u00f3rico-pr\u00e1cticas y no se necesitan conocimientos previos.<br>Partimos desde los moldes base y vamos trabajando sobre varias transformaciones que luego materializas para conseguir los diferentes modelos de trajes de ba\u00f1o. Por ejemplo: bikini, tanga, colaless, culotte, bombacha cintura alta con tiras, tambi\u00e9n malla enteriza, corpi\u00f1o deportivo,  triangulito y sus variantes, bandeau, taza soft, etc.<br>Con el avance de las clases te decimos qu\u00e9 materiales necesitas comprar, pero siempre a tu gusto.<br>Contamos con m\u00e1quinas de coser, o pod\u00e9s traer la tuya.<br><\/p>\n<\/div><\/div>\n\n\n<h5>Qu\u00e9 vas a aprender<\/h5>\n\n\n<ul class=\"wp-block-list\"><li>A  identificar  y tomar las medidas necesarias para realizar diferentes trajes de ba\u00f1o<\/li><li>A reconocer la variedad de textiles y av\u00edos para que puedas elegir el que mejor se adapte a tu dise\u00f1o <\/li><li>A desarrollar la molder\u00eda base<\/li><li>A transformar las bases realizando modelos en forma pr\u00e1ctica y seg\u00fan tu propio dise\u00f1o<\/li><li>A utilizar trucos para realizar los trabajos en m\u00e1quinas de coser familiares<\/li><\/ul>\n\n\n<h5>Qu\u00e9 obten\u00e9s<\/h5>\n\n\n<ul class=\"wp-block-list\"><li>Te vas a llevar una experiencia pr\u00e1ctica y \u00fatil para vos o tu emprendimiento<\/li><li>Vas a intercambiar ideas y expandir tu creatividad<\/li><li>Vas a llevarte la molder\u00eda de tus propios dise\u00f1os y tus trajes de ba\u00f1o terminados<\/li><li>Apuntes de nuestra autor\u00eda, s\u00faper completos y sin costo adicional<\/li><li>Te entregamos certificado de asistencia<\/li><\/ul>\n\n\n\n<hr class=\"wp-block-separator\"\/>\n\n\n\n<div class=\"wp-block-button\"><a class=\"wp-block-button__link has-orange-background-color has-background has-text-align-center wp-element-button\" href=\"https:\/\/tienda.amgestudiocreativo.com.ar\/cursos-presenciales\" target=\"_blank\" rel=\"noreferrer noopener\">INSCRIBIRME YA!<\/a><\/div>\n\n\n<h5>Grupos reducidos<\/h5>\n\n\n<p>Queremos garantizar que las clases sean efectivas y que puedas sacarle el m\u00e1ximo beneficio.<br>Balanceamos&nbsp; la colaboraci\u00f3n e intercambio de ideas en grupo con los beneficios de una clase personalizada. <\/p>\n\n\n<h5>Forma de Pago e inscripci\u00f3n<\/h5>\n\n\n<p>En AMG <strong>no<\/strong> cobramos inscripci\u00f3n, por lo que para anotarte se debe abonar previamente y as\u00ed te aseguras tu lugar.<br> Una vez que recibimos tu solicitud de inscripci\u00f3n con tus datos, te enviamos la info de acuerdo a tu forma de pago elegida.<br>Ten\u00e9s distintas alternativas de pago: <\/p>\n\n\n\n<ul class=\"wp-block-list\"><li>Efectivo &#8211; coordinamos una cita para que pases por el estudio<\/li><li>Transferencia Bancaria &#8211; Cuando recibimos tus datos, te enviamos la informaci\u00f3n de la cuenta<\/li><li>Tarjeta de Cr\u00e9dito\/D\u00e9bito con MercadoPago &#8211; Te enviamos el link de pago (Tiene 5% de recargo)<\/li><\/ul>\n\n\n<h5>Valor y Fechas<\/h5>\n\n\n<p>Para conocer el Valor , d\u00edas, y  horarios disponibles;  toc\u00e1 el bot\u00f3n<\/p>\n\n\n\n<div class=\"wp-block-button aligncenter is-style-default\"><a class=\"wp-block-button__link has-orange-background-color has-background\" href=\"https:\/\/www.amgestudiocreativo.com.ar\/amg\/calendario-de-cursos-y-talleres\/\">Ver Horarios  y Valores&#8230;<\/a><\/div>\n","protected":false},"excerpt":{"rendered":"<p>Si so\u00f1\u00e1s con dise\u00f1ar y hacer Trajes de Ba\u00f1o. Sumate al curso! C\u00f3mo son las clases? El curso se desarrolla en 12 clases semanales de&hellip;<\/p>\n","protected":false},"author":1,"featured_media":20,"parent":31,"menu_order":0,"comment_status":"closed","ping_status":"closed","template":"","meta":{"content-type":"","footnotes":""},"class_list":["post-632","page","type-page","status-publish","has-post-thumbnail","hentry"],"_links":{"self":[{"href":"https:\/\/www.amgestudiocreativo.com.ar\/amg\/wp-json\/wp\/v2\/pages\/632","targetHints":{"allow":["GET"]}}],"collection":[{"href":"https:\/\/www.amgestudiocreativo.com.ar\/amg\/wp-json\/wp\/v2\/pages"}],"about":[{"href":"https:\/\/www.amgestudiocreativo.com.ar\/amg\/wp-json\/wp\/v2\/types\/page"}],"author":[{"embeddable":true,"href":"https:\/\/www.amgestudiocreativo.com.ar\/amg\/wp-json\/wp\/v2\/users\/1"}],"replies":[{"embeddable":true,"href":"https:\/\/www.amgestudiocreativo.com.ar\/amg\/wp-json\/wp\/v2\/comments?post=632"}],"version-history":[{"count":1,"href":"https:\/\/www.amgestudiocreativo.com.ar\/amg\/wp-json\/wp\/v2\/pages\/632\/revisions"}],"predecessor-version":[{"id":785,"href":"https:\/\/www.amgestudiocreativo.com.ar\/amg\/wp-json\/wp\/v2\/pages\/632\/revisions\/785"}],"up":[{"embeddable":true,"href":"https:\/\/www.amgestudiocreativo.com.ar\/amg\/wp-json\/wp\/v2\/pages\/31"}],"wp:featuredmedia":[{"embeddable":true,"href":"https:\/\/www.amgestudiocreativo.com.ar\/amg\/wp-json\/wp\/v2\/media\/20"}],"wp:attachment":[{"href":"https:\/\/www.amgestudiocreativo.com.ar\/amg\/wp-json\/wp\/v2\/media?parent=632"}],"curies":[{"name":"wp","href":"https:\/\/api.w.org\/{rel}","templated":true}]}}