{"id":380,"date":"2019-08-28T23:36:13","date_gmt":"2019-08-29T02:36:13","guid":{"rendered":"http:\/\/amgestudiocreativo.com.ar\/amg\/?page_id=380"},"modified":"2020-01-03T14:32:13","modified_gmt":"2020-01-03T17:32:13","slug":"capacitacion","status":"publish","type":"page","link":"https:\/\/www.amgestudiocreativo.com.ar\/amg\/capacitacion\/","title":{"rendered":"Capacitaci\u00f3n"},"content":{"rendered":"\n<p>La oferta de capacitaci\u00f3n y servicios de AMG Estudio Creativo incluye: <\/p>\n\n\n\n<ul class=\"wp-block-list\"><li>Cursos y Seminarios<\/li><li>Talleres y Workshops<\/li><li>Dise\u00f1o de Indumentaria y Textil<\/li><li>Dise\u00f1o de Marroquiner\u00eda y Calzado<\/li><li>Dibujos de estampados textiles<\/li><li>Apoyo a alumnas de carreras de indumentaria\/textil<\/li><li>Consultor\u00eda <\/li><\/ul>\n\n\n\n<hr class=\"wp-block-separator\"\/>\n\n\n\n<p class=\"has-text-align-center\">Sitio dise\u00f1ado y administrado por <a rel=\"noreferrer noopener\" aria-label=\" (abre en una nueva pesta\u00f1a)\" href=\"https:\/\/www.instagram.com\/falboph\" target=\"_blank\" class=\"rank-math-link\">@FalboPh<\/a><\/p>\n","protected":false},"excerpt":{"rendered":"<p>La oferta de capacitaci\u00f3n y servicios de AMG Estudio Creativo incluye: Cursos y Seminarios Talleres y Workshops Dise\u00f1o de Indumentaria y Textil Dise\u00f1o de Marroquiner\u00eda&hellip;<\/p>\n","protected":false},"author":1,"featured_media":10,"parent":0,"menu_order":0,"comment_status":"closed","ping_status":"closed","template":"","meta":{"content-type":"","footnotes":""},"class_list":["post-380","page","type-page","status-publish","has-post-thumbnail","hentry"],"_links":{"self":[{"href":"https:\/\/www.amgestudiocreativo.com.ar\/amg\/wp-json\/wp\/v2\/pages\/380","targetHints":{"allow":["GET"]}}],"collection":[{"href":"https:\/\/www.amgestudiocreativo.com.ar\/amg\/wp-json\/wp\/v2\/pages"}],"about":[{"href":"https:\/\/www.amgestudiocreativo.com.ar\/amg\/wp-json\/wp\/v2\/types\/page"}],"author":[{"embeddable":true,"href":"https:\/\/www.amgestudiocreativo.com.ar\/amg\/wp-json\/wp\/v2\/users\/1"}],"replies":[{"embeddable":true,"href":"https:\/\/www.amgestudiocreativo.com.ar\/amg\/wp-json\/wp\/v2\/comments?post=380"}],"version-history":[{"count":2,"href":"https:\/\/www.amgestudiocreativo.com.ar\/amg\/wp-json\/wp\/v2\/pages\/380\/revisions"}],"predecessor-version":[{"id":772,"href":"https:\/\/www.amgestudiocreativo.com.ar\/amg\/wp-json\/wp\/v2\/pages\/380\/revisions\/772"}],"wp:featuredmedia":[{"embeddable":true,"href":"https:\/\/www.amgestudiocreativo.com.ar\/amg\/wp-json\/wp\/v2\/media\/10"}],"wp:attachment":[{"href":"https:\/\/www.amgestudiocreativo.com.ar\/amg\/wp-json\/wp\/v2\/media?parent=380"}],"curies":[{"name":"wp","href":"https:\/\/api.w.org\/{rel}","templated":true}]}}