{"id":31,"date":"2019-08-18T20:43:32","date_gmt":"2019-08-18T23:43:32","guid":{"rendered":"http:\/\/amgestudiocreativo.com.ar\/amg\/?page_id=31"},"modified":"2020-02-03T17:44:32","modified_gmt":"2020-02-03T20:44:32","slug":"cursos-amg-estudio-creativo","status":"publish","type":"page","link":"https:\/\/www.amgestudiocreativo.com.ar\/amg\/capacitacion\/cursos-amg-estudio-creativo\/","title":{"rendered":"Cursos AMG Estudio Creativo"},"content":{"rendered":"\n<p> En <strong>AMG Estudio Creativo<\/strong> dedicamos mucho trabajo en dise\u00f1ar Cursos y Seminarios de alta calidad. En ellos vas a aprender una tem\u00e1tica espec\u00edfica (Por ej. Mallas, Lencer\u00eda, Vestidos, Marroquiner\u00eda, Calzado, Deco, Art&amp;Craft, etc) a lo largo de varias clases grupales que son ideales para compartir y reforzar el aprendizaje. <br>No te preocupes, los grupos son reducidos. Nunca superamos las 6 alumnas en los cursos. Esto te d\u00e1 la tranquilidad que vas a tener mejor calidad de aprendizaje en comparaci\u00f3n a los cursos con m\u00e1s de 10 personas de otros institutos.<\/p>\n\n\n\n<p> Los Cursos o Seminarios son de larga duraci\u00f3n, con un m\u00ednimo de 1 mes o t\u00edpicamente 3 meses. Tambi\u00e9n podemos dividirlos en niveles seg\u00fan contenido y complejidad. L\u00f3gicamente los Cursos tiene mucho m\u00e1s contenido que los Talleres. Se ven los temas en profundidad.<\/p>\n\n\n\n<p>Todos los cursos incluyen apuntes o alguna documentaci\u00f3n de instrucciones, o paso a paso sin costo adicional. Todo se entrega impreso, para que te sea m\u00e1s f\u00e1cil seguir el trabajo, o para repasar fuera de clase y practicar por tu cuenta. Desarrollamos nuestros propios apuntes especializados. Est\u00e1n bien explicados, claros, detallados y por sobre todo, probados.&nbsp;<br>Todo el material y apuntes que utilizamos en AMG Estudio Creativo para nuestras cursos est\u00e1 previamente validado.&nbsp;<br>Visitanos y seguinos en nuestras redes sociales para enterarte de los lanzamientos y fechas de los Cursos y Talleres.<\/p>\n\n\n\n<hr class=\"wp-block-separator\"\/>\n\n\n<h5>Lista de Cursos<\/h5>\n\n\n<ul class=\"wp-block-list\"><li><a href=\"https:\/\/www.amgestudiocreativo.com.ar\/amg\/capacitacion\/cursos-amg-estudio-creativo\/curso-asesoramiento-imagen\/\"> Asesoramiento de Imagen<\/a><\/li><li><a href=\"https:\/\/www.amgestudiocreativo.com.ar\/amg\/capacitacion\/cursos-amg-estudio-creativo\/curso-de-costura-para-principiantes\/\">Costura para Principiantes<\/a><\/li><li><a href=\"https:\/\/www.amgestudiocreativo.com.ar\/amg\/capacitacion\/cursos-amg-estudio-creativo\/curso-de-lenceria-nivel-1\/\">Dise\u00f1o Lencer\u00eda Nivel 1<\/a><\/li><li><a href=\"https:\/\/www.amgestudiocreativo.com.ar\/amg\/capacitacion\/cursos-amg-estudio-creativo\/curso-fotografia-producto-redes\/\">Fotograf\u00eda de Producto para Redes<\/a><\/li><li><a href=\"https:\/\/www.amgestudiocreativo.com.ar\/amg\/capacitacion\/cursos-amg-estudio-creativo\/curso-trajes-bano\/\">Curso de Trajes de Ba\u00f1o<\/a><\/li><li><a href=\"https:\/\/www.amgestudiocreativo.com.ar\/amg\/capacitacion\/cursos-amg-estudio-creativo\/curso-de-vestidos-primavera-verano\/\">Curso de  Vestidos de Verano <\/a><\/li><\/ul>\n\n\n\n<p>Tambi\u00e9n te invitamos a que visites regularmente  nuestro <a href=\"https:\/\/www.amgestudiocreativo.com.ar\/amg\/calendario-de-cursos-y-talleres\/\">Calendario de Cursos y Talleres. <\/a>Para ver todos los cursos vigentes,<strong> <a href=\"https:\/\/www.amgestudiocreativo.com.ar\/amg\/calendario-de-cursos-y-talleres\/\">toc\u00e1 el bot\u00f3n<\/a><\/strong><\/p>\n\n\n\n<div class=\"wp-block-button aligncenter is-style-default\"><a class=\"wp-block-button__link has-orange-background-color has-background\" href=\"https:\/\/www.amgestudiocreativo.com.ar\/amg\/calendario-de-cursos-y-talleres\/\">Ver Horarios  y Valores&#8230;<\/a><\/div>\n\n\n\n<hr class=\"wp-block-separator\"\/>\n\n\n\n<div class=\"wp-block-webfactory-map\"><div class=\"wp-block-webfactory-map\"><iframe loading=\"lazy\" title=\"Map\" width=\"100%\" height=\"282px\" src=\"https:\/\/www.google.com\/maps\/embed\/v1\/place?q=25%20de%20Mayo%2085%2C%20Temperley&amp;maptype=roadmap&amp;zoom=17&amp;key=AIzaSyCfwUHc4H5jWrFJgk9dzudMjq8Srgzrx3o\" frameborder=\"0\"><\/iframe><\/div><\/div>\n\n\n\n<hr class=\"wp-block-separator\"\/>\n\n\n\n<p class=\"has-text-align-center\">Sitio dise\u00f1ado y administrado por <a rel=\"noreferrer noopener\" aria-label=\" (abre en una nueva pesta\u00f1a)\" href=\"https:\/\/www.instagram.com\/falboph\" target=\"_blank\" class=\"rank-math-link\">@FalboPh<\/a><\/p>\n","protected":false},"excerpt":{"rendered":"<p>En AMG Estudio Creativo dedicamos mucho trabajo en dise\u00f1ar Cursos y Seminarios de alta calidad. En ellos vas a aprender una tem\u00e1tica espec\u00edfica (Por ej.&hellip;<\/p>\n","protected":false},"author":1,"featured_media":341,"parent":380,"menu_order":0,"comment_status":"closed","ping_status":"closed","template":"","meta":{"content-type":"","footnotes":""},"class_list":["post-31","page","type-page","status-publish","has-post-thumbnail","hentry"],"_links":{"self":[{"href":"https:\/\/www.amgestudiocreativo.com.ar\/amg\/wp-json\/wp\/v2\/pages\/31","targetHints":{"allow":["GET"]}}],"collection":[{"href":"https:\/\/www.amgestudiocreativo.com.ar\/amg\/wp-json\/wp\/v2\/pages"}],"about":[{"href":"https:\/\/www.amgestudiocreativo.com.ar\/amg\/wp-json\/wp\/v2\/types\/page"}],"author":[{"embeddable":true,"href":"https:\/\/www.amgestudiocreativo.com.ar\/amg\/wp-json\/wp\/v2\/users\/1"}],"replies":[{"embeddable":true,"href":"https:\/\/www.amgestudiocreativo.com.ar\/amg\/wp-json\/wp\/v2\/comments?post=31"}],"version-history":[{"count":3,"href":"https:\/\/www.amgestudiocreativo.com.ar\/amg\/wp-json\/wp\/v2\/pages\/31\/revisions"}],"predecessor-version":[{"id":850,"href":"https:\/\/www.amgestudiocreativo.com.ar\/amg\/wp-json\/wp\/v2\/pages\/31\/revisions\/850"}],"up":[{"embeddable":true,"href":"https:\/\/www.amgestudiocreativo.com.ar\/amg\/wp-json\/wp\/v2\/pages\/380"}],"wp:featuredmedia":[{"embeddable":true,"href":"https:\/\/www.amgestudiocreativo.com.ar\/amg\/wp-json\/wp\/v2\/media\/341"}],"wp:attachment":[{"href":"https:\/\/www.amgestudiocreativo.com.ar\/amg\/wp-json\/wp\/v2\/media?parent=31"}],"curies":[{"name":"wp","href":"https:\/\/api.w.org\/{rel}","templated":true}]}}