{"id":246,"date":"2018-11-26T07:58:35","date_gmt":"2018-11-26T07:58:35","guid":{"rendered":"https:\/\/themepalacedemo.com\/pet-business\/?page_id=246"},"modified":"2024-10-29T23:50:19","modified_gmt":"2024-10-30T02:50:19","slug":"aldana-gonzalez-disenadora","status":"publish","type":"page","link":"https:\/\/www.amgestudiocreativo.com.ar\/amg\/aldana-gonzalez-disenadora\/","title":{"rendered":"Aldana Gonz\u00e1lez"},"content":{"rendered":"<p>Acerca de Aldana Gonz\u00e1lez Dise\u00f1adora Text\u00edl:<\/p>\n<p>Aldana est\u00e1 hace m\u00e1s de 30 a\u00f1os en el mundo de la moda. Ha trabajado para clientes participantes de eventos, exposiciones y desfiles de primer nivel como por ejemplo:<\/p>\n\n\n<ul class=\"wp-block-list\">\n<li>BA Alta Moda &#8211; Hilton Buenos Aires<\/li>\n\n\n\n<li>Mar del Plata Moda Show<\/li>\n\n\n\n<li><a href=\"https:\/\/www.cuerocima.com.ar\/\" target=\"_blank\" rel=\"noopener\">CEMCA <\/a>\u2013 Costa Salguero<\/li>\n\n\n\n<li><a href=\"http:\/\/www.expomabyn.com.ar\/\" target=\"_blank\" rel=\"noopener\">MABYN<\/a> \u2013 Sheraton Buenos Aires. <\/li>\n<\/ul>\n\n\n\n<p> Su versatilidad en el lenguaje del dise\u00f1o le permiti\u00f3 trabajar para clientes (pymes y grandes empresas) en diversos segmentos de la moda como por ejemplo: vestimenta de cuero para exportaci\u00f3n, marroquiner\u00eda y calzado, novias, ni\u00f1os y bebes, indumentaria deportiva, etc.<br>En la actualidad brinda servicios de Consultor\u00eda y Asesoramiento para empresas del sector textil, indumentaria, y afines.<\/p>\n\n\n\n<hr class=\"wp-block-separator has-css-opacity\"\/>\n\n\n\n<p> En cuanto a su trabajo como educadora, Aldana dict\u00f3 clases en la Universidad de Buenos Aires (<a href=\"http:\/\/www.fadu.uba.ar\/\" target=\"_blank\" rel=\"noopener\">FADU<\/a>) e Institutos privados como <a href=\"https:\/\/www.nuevaescuela.net\/\" target=\"_blank\" rel=\"noopener\">Nueva Escuela de Dise\u00f1o y Comunicaci\u00f3n<\/a>. <br>Desde el a\u00f1o 2003 dicta clases personalizadas, talleres, cursos y seminarios en forma independiente. <br>Junto a su marido, Adri\u00e1n Falbo, han fundado <a href=\"https:\/\/www.amgestudiocreativo.com.ar\/amg\/acerca-de-amg-estudio-creativo\/\">AMG Estudio Creativo<\/a><\/p>\n\n\n\n<hr class=\"wp-block-separator has-css-opacity\"\/>\n\n\n\n<hr class=\"wp-block-separator has-css-opacity\"\/>\n\n\n\n<p class=\"has-text-align-center\">Sitio dise\u00f1ado y administrado por <a rel=\"noreferrer noopener\" aria-label=\" (abre en una nueva pesta\u00f1a)\" href=\"https:\/\/www.instagram.com\/falboph\" target=\"_blank\" class=\"rank-math-link\">@FalboPh<\/a><\/p>\n","protected":false},"excerpt":{"rendered":"<p>Acerca de Aldana Gonz\u00e1lez Dise\u00f1adora Text\u00edl: Aldana est\u00e1 hace m\u00e1s de 30 a\u00f1os en el mundo de la moda. Ha trabajado para clientes participantes de&hellip;<\/p>\n","protected":false},"author":1,"featured_media":334,"parent":0,"menu_order":0,"comment_status":"closed","ping_status":"closed","template":"","meta":{"content-type":"","footnotes":""},"class_list":["post-246","page","type-page","status-publish","has-post-thumbnail","hentry"],"_links":{"self":[{"href":"https:\/\/www.amgestudiocreativo.com.ar\/amg\/wp-json\/wp\/v2\/pages\/246","targetHints":{"allow":["GET"]}}],"collection":[{"href":"https:\/\/www.amgestudiocreativo.com.ar\/amg\/wp-json\/wp\/v2\/pages"}],"about":[{"href":"https:\/\/www.amgestudiocreativo.com.ar\/amg\/wp-json\/wp\/v2\/types\/page"}],"author":[{"embeddable":true,"href":"https:\/\/www.amgestudiocreativo.com.ar\/amg\/wp-json\/wp\/v2\/users\/1"}],"replies":[{"embeddable":true,"href":"https:\/\/www.amgestudiocreativo.com.ar\/amg\/wp-json\/wp\/v2\/comments?post=246"}],"version-history":[{"count":2,"href":"https:\/\/www.amgestudiocreativo.com.ar\/amg\/wp-json\/wp\/v2\/pages\/246\/revisions"}],"predecessor-version":[{"id":1754,"href":"https:\/\/www.amgestudiocreativo.com.ar\/amg\/wp-json\/wp\/v2\/pages\/246\/revisions\/1754"}],"wp:featuredmedia":[{"embeddable":true,"href":"https:\/\/www.amgestudiocreativo.com.ar\/amg\/wp-json\/wp\/v2\/media\/334"}],"wp:attachment":[{"href":"https:\/\/www.amgestudiocreativo.com.ar\/amg\/wp-json\/wp\/v2\/media?parent=246"}],"curies":[{"name":"wp","href":"https:\/\/api.w.org\/{rel}","templated":true}]}}