{"id":239,"date":"2018-11-26T07:35:10","date_gmt":"2018-11-26T07:35:10","guid":{"rendered":"https:\/\/themepalacedemo.com\/pet-business\/?page_id=239"},"modified":"2020-01-02T14:36:12","modified_gmt":"2020-01-02T17:36:12","slug":"testimonio-alumna-aye","status":"publish","type":"page","link":"https:\/\/www.amgestudiocreativo.com.ar\/amg\/testimonio-alumna-aye\/","title":{"rendered":"Aye Couti"},"content":{"rendered":"<p>&#8220;Excelente espacio para aprender, para crecer como profesional. La profesora es muy dedicada y se nota su pasi\u00f3n por el dise\u00f1o&#8221;<\/p>\n<p>M\u00e1s opiniones <a href=\"http:\/\/g.page\/AMGEstudioCreativo\">aqu\u00ed<\/a><\/p>\n","protected":false},"excerpt":{"rendered":"<p>&#8220;Excelente espacio para aprender, para crecer como profesional. La profesora es muy dedicada y se nota su pasi\u00f3n por el dise\u00f1o&#8221; M\u00e1s opiniones aqu\u00ed<\/p>\n","protected":false},"author":1,"featured_media":357,"parent":0,"menu_order":0,"comment_status":"closed","ping_status":"closed","template":"","meta":{"content-type":"","footnotes":""},"class_list":["post-239","page","type-page","status-publish","has-post-thumbnail","hentry"],"_links":{"self":[{"href":"https:\/\/www.amgestudiocreativo.com.ar\/amg\/wp-json\/wp\/v2\/pages\/239","targetHints":{"allow":["GET"]}}],"collection":[{"href":"https:\/\/www.amgestudiocreativo.com.ar\/amg\/wp-json\/wp\/v2\/pages"}],"about":[{"href":"https:\/\/www.amgestudiocreativo.com.ar\/amg\/wp-json\/wp\/v2\/types\/page"}],"author":[{"embeddable":true,"href":"https:\/\/www.amgestudiocreativo.com.ar\/amg\/wp-json\/wp\/v2\/users\/1"}],"replies":[{"embeddable":true,"href":"https:\/\/www.amgestudiocreativo.com.ar\/amg\/wp-json\/wp\/v2\/comments?post=239"}],"version-history":[{"count":0,"href":"https:\/\/www.amgestudiocreativo.com.ar\/amg\/wp-json\/wp\/v2\/pages\/239\/revisions"}],"wp:featuredmedia":[{"embeddable":true,"href":"https:\/\/www.amgestudiocreativo.com.ar\/amg\/wp-json\/wp\/v2\/media\/357"}],"wp:attachment":[{"href":"https:\/\/www.amgestudiocreativo.com.ar\/amg\/wp-json\/wp\/v2\/media?parent=239"}],"curies":[{"name":"wp","href":"https:\/\/api.w.org\/{rel}","templated":true}]}}