{"id":238,"date":"2018-11-26T07:35:51","date_gmt":"2018-11-26T07:35:51","guid":{"rendered":"https:\/\/themepalacedemo.com\/pet-business\/?page_id=238"},"modified":"2020-01-02T14:38:16","modified_gmt":"2020-01-02T17:38:16","slug":"testimonio-alumna-sol","status":"publish","type":"page","link":"https:\/\/www.amgestudiocreativo.com.ar\/amg\/testimonio-alumna-sol\/","title":{"rendered":"Sol Bustos"},"content":{"rendered":"<p>&#8220;Como estudiante de Dise\u00f1o de Indumentaria en la UBA, recomiendo AMG Estudio Creativo siempre, porque ah\u00ed aprendo todo lo que necesito para la carrera y m\u00e1s. Incluso en las clases particulares puedo resolver los trabajos para la facultad. Super recomendable tanto para estudiantes como para emprendedoras. Aprendo desde corte y confecci\u00f3n, hasta dise\u00f1o y producci\u00f3n, TODO&#8221;<\/p>\n<p>M\u00e1s opiniones <a href=\"http:\/\/g.page\/AMGEstudioCreativo\">aqu\u00ed<\/a><\/p>\n","protected":false},"excerpt":{"rendered":"<p>&#8220;Como estudiante de Dise\u00f1o de Indumentaria en la UBA, recomiendo AMG Estudio Creativo siempre, porque ah\u00ed aprendo todo lo que necesito para la carrera y&hellip;<\/p>\n","protected":false},"author":1,"featured_media":442,"parent":0,"menu_order":0,"comment_status":"closed","ping_status":"closed","template":"","meta":{"content-type":"","footnotes":""},"class_list":["post-238","page","type-page","status-publish","has-post-thumbnail","hentry"],"_links":{"self":[{"href":"https:\/\/www.amgestudiocreativo.com.ar\/amg\/wp-json\/wp\/v2\/pages\/238","targetHints":{"allow":["GET"]}}],"collection":[{"href":"https:\/\/www.amgestudiocreativo.com.ar\/amg\/wp-json\/wp\/v2\/pages"}],"about":[{"href":"https:\/\/www.amgestudiocreativo.com.ar\/amg\/wp-json\/wp\/v2\/types\/page"}],"author":[{"embeddable":true,"href":"https:\/\/www.amgestudiocreativo.com.ar\/amg\/wp-json\/wp\/v2\/users\/1"}],"replies":[{"embeddable":true,"href":"https:\/\/www.amgestudiocreativo.com.ar\/amg\/wp-json\/wp\/v2\/comments?post=238"}],"version-history":[{"count":0,"href":"https:\/\/www.amgestudiocreativo.com.ar\/amg\/wp-json\/wp\/v2\/pages\/238\/revisions"}],"wp:featuredmedia":[{"embeddable":true,"href":"https:\/\/www.amgestudiocreativo.com.ar\/amg\/wp-json\/wp\/v2\/media\/442"}],"wp:attachment":[{"href":"https:\/\/www.amgestudiocreativo.com.ar\/amg\/wp-json\/wp\/v2\/media?parent=238"}],"curies":[{"name":"wp","href":"https:\/\/api.w.org\/{rel}","templated":true}]}}