{"id":217,"date":"2018-11-26T06:39:38","date_gmt":"2018-11-26T09:39:38","guid":{"rendered":"https:\/\/themepalacedemo.com\/pet-business\/?page_id=217"},"modified":"2022-04-08T10:00:15","modified_gmt":"2022-04-08T13:00:15","slug":"clases-personalizadas","status":"publish","type":"page","link":"https:\/\/www.amgestudiocreativo.com.ar\/amg\/capacitacion\/clases-personalizadas\/","title":{"rendered":"Clases Personalizadas"},"content":{"rendered":"<p>Las Clases Personalizadas son individuales. Todo el tiempo est\u00e1 dedicado a vos, y lo mejor es que se ven los temas que a vos te interesan aprender. Est\u00e1n adaptadas a tu nivel. Tanto para principiantes, como para aquellas personas que ya tienen conocimientos y buscan enfocarse en perfeccionarlos o expandirlos.<br \/>Las clases individuales son online, en vivo, en d\u00eda y horario a convenir seg\u00fan disponibilidad. Tienen una duraci\u00f3n m\u00ednima de 1.30hs dependiendo del tema, y no tienen un l\u00edmite de cantidad preestablecido. Es decir, pod\u00e9s seguir profundizando el aprendizaje tanto como quieras.<\/p>\n<p>Trabajamos por bloques de 4 clases, y el costo depende de la tem\u00e1tica, complejidad, etc.<br \/>Para mas informaci\u00f3n y sacarte todas las dudas, contactanos y decinos que te gustar\u00eda hacer, para poder ofrecerte algo que se adapte a tus necesidades.<\/p>\n\n\n<p>Si te interesa tomar clases personalizadas, <a href=\"https:\/\/amgestudiocreativo.com.ar\/amg\/?page_id=175\">contactacte <\/a>con nosotros y envianos tu consulta<\/p>\n","protected":false},"excerpt":{"rendered":"<p>Las Clases Personalizadas son individuales. Todo el tiempo est\u00e1 dedicado a vos, y lo mejor es que se ven los temas que a vos te&hellip;<\/p>\n","protected":false},"author":1,"featured_media":338,"parent":380,"menu_order":0,"comment_status":"closed","ping_status":"closed","template":"","meta":{"content-type":"","footnotes":""},"class_list":["post-217","page","type-page","status-publish","has-post-thumbnail","hentry"],"_links":{"self":[{"href":"https:\/\/www.amgestudiocreativo.com.ar\/amg\/wp-json\/wp\/v2\/pages\/217","targetHints":{"allow":["GET"]}}],"collection":[{"href":"https:\/\/www.amgestudiocreativo.com.ar\/amg\/wp-json\/wp\/v2\/pages"}],"about":[{"href":"https:\/\/www.amgestudiocreativo.com.ar\/amg\/wp-json\/wp\/v2\/types\/page"}],"author":[{"embeddable":true,"href":"https:\/\/www.amgestudiocreativo.com.ar\/amg\/wp-json\/wp\/v2\/users\/1"}],"replies":[{"embeddable":true,"href":"https:\/\/www.amgestudiocreativo.com.ar\/amg\/wp-json\/wp\/v2\/comments?post=217"}],"version-history":[{"count":2,"href":"https:\/\/www.amgestudiocreativo.com.ar\/amg\/wp-json\/wp\/v2\/pages\/217\/revisions"}],"predecessor-version":[{"id":1600,"href":"https:\/\/www.amgestudiocreativo.com.ar\/amg\/wp-json\/wp\/v2\/pages\/217\/revisions\/1600"}],"up":[{"embeddable":true,"href":"https:\/\/www.amgestudiocreativo.com.ar\/amg\/wp-json\/wp\/v2\/pages\/380"}],"wp:featuredmedia":[{"embeddable":true,"href":"https:\/\/www.amgestudiocreativo.com.ar\/amg\/wp-json\/wp\/v2\/media\/338"}],"wp:attachment":[{"href":"https:\/\/www.amgestudiocreativo.com.ar\/amg\/wp-json\/wp\/v2\/media?parent=217"}],"curies":[{"name":"wp","href":"https:\/\/api.w.org\/{rel}","templated":true}]}}