{"id":205,"date":"2019-08-31T10:00:03","date_gmt":"2019-08-31T13:00:03","guid":{"rendered":"https:\/\/themepalacedemo.com\/pet-business\/?page_id=205"},"modified":"2025-06-12T20:14:43","modified_gmt":"2025-06-12T23:14:43","slug":"curso-de-lenceria-nivel-1","status":"publish","type":"page","link":"https:\/\/www.amgestudiocreativo.com.ar\/amg\/capacitacion\/cursos-amg-estudio-creativo\/curso-de-lenceria-nivel-1\/","title":{"rendered":"Curso de Lencer\u00eda Nivel 1"},"content":{"rendered":"<h4><strong>Si so\u00f1\u00e1s con dise\u00f1ar y hacer Lencer\u00eda, sumate.<br \/>Tenemos el mejor curso para vos<\/strong><\/h4>\n\n\n<hr class=\"wp-block-separator has-css-opacity\"\/>\n\n\n<h5>C\u00f3mo son las clases del Curso de Lencer\u00eda Nivel 1?<\/h5>\n\n\n<div class=\"wp-block-media-text alignwide has-media-on-the-right\" style=\"grid-template-columns:auto 25%\"><div class=\"wp-block-media-text__content\">\n<p class=\"has-text-align-left\">El Curso de Lencer\u00eda Nivel 1 se desarrolla en 16 clases semanales de 2hs.<br>Son te\u00f3rico-pr\u00e1cticas y no se necesitan conocimientos previos.<br>Con el avance de las clases te decimos qu\u00e9 materiales necesitas comprar, pero siempre a tu gusto.<br>Contamos con m\u00e1quinas de coser, o pod\u00e9s traer la tuya.<\/p>\n<\/div><figure class=\"wp-block-media-text__media\"><img loading=\"lazy\" decoding=\"async\" width=\"1024\" height=\"683\" src=\"https:\/\/www.amgestudiocreativo.com.ar\/amg\/wp-content\/uploads\/2020\/06\/DSC2896-1024x683.jpg\" alt=\"curso lenceria\" class=\"wp-image-1066 size-full\" title=\"\" srcset=\"https:\/\/www.amgestudiocreativo.com.ar\/amg\/wp-content\/uploads\/2020\/06\/DSC2896-1024x683.jpg 1024w, https:\/\/www.amgestudiocreativo.com.ar\/amg\/wp-content\/uploads\/2020\/06\/DSC2896-scaled-600x400.jpg 600w, https:\/\/www.amgestudiocreativo.com.ar\/amg\/wp-content\/uploads\/2020\/06\/DSC2896-300x200.jpg 300w, https:\/\/www.amgestudiocreativo.com.ar\/amg\/wp-content\/uploads\/2020\/06\/DSC2896-768x512.jpg 768w\" sizes=\"auto, (max-width: 1024px) 100vw, 1024px\" \/><\/figure><\/div>\n\n\n<h5>Qu\u00e9 vas a aprender?<\/h5>\n\n\n<ul class=\"wp-block-list\">\n<li>A  identificar  y tomar las medidas necesarias para lencer\u00eda<\/li>\n\n\n\n<li>Vas a reconocer los diferentes textiles y av\u00edos para que puedas elegir el que mejor se adapte a tu dise\u00f1o <\/li>\n\n\n\n<li>A desarrollar la molder\u00eda base de corpi\u00f1o y bombacha<\/li>\n\n\n\n<li>Vas a transformar las bases realizando modelos en forma pr\u00e1ctica y seg\u00fan tu propio dise\u00f1o<\/li>\n\n\n\n<li>A utilizar trucos para realizar los trabajos en m\u00e1quinas de coser familiares<\/li>\n<\/ul>\n\n\n<h5>Qu\u00e9 modelos hacemos<\/h5>\n\n\n<ul class=\"wp-block-list\">\n<li>bombacha base<\/li>\n\n\n\n<li>transformaci\u00f3n a culotte<\/li>\n\n\n\n<li>fru-fru<\/li>\n\n\n\n<li>tanga less con regulador<\/li>\n\n\n\n<li>trabajos con puntilla, encaje, microtul, microfibra y algod\u00f3n con lycra<\/li>\n\n\n\n<li>confecci\u00f3n de tu propio dise\u00f1o<\/li>\n\n\n\n<li>bralette: triangulito base en algod\u00f3n<\/li>\n\n\n\n<li>bralette en puntilla con recorte<\/li>\n\n\n\n<li>dise\u00f1os variados de espaldas<\/li>\n\n\n\n<li>confecci\u00f3n de tu dise\u00f1o bralette<\/li>\n<\/ul>\n\n\n<h5>Qu\u00e9 obten\u00e9s<\/h5>\n\n\n<ul class=\"wp-block-list\">\n<li>Te vas a llevar una experiencia pr\u00e1ctica y \u00fatil para vos o tu emprendimiento<\/li>\n\n\n\n<li>Vas a intercambiar ideas y expandir tu creatividad<\/li>\n\n\n\n<li>Vas a llevarte la molder\u00eda de tus propios dise\u00f1os y tu lencer\u00eda terminada, en tu talle<\/li>\n\n\n\n<li>Apuntes de nuestra autor\u00eda, s\u00faper completos y sin costo adicional<\/li>\n\n\n\n<li>Te entregamos certificado de asistencia<\/li>\n<\/ul>\n\n\n\n<hr class=\"wp-block-separator has-css-opacity\"\/>\n\n\n<h5>Grupos reducidos<\/h5>\n\n\n<p>Queremos garantizar que las clases sean efectivas y que puedas sacarle el m\u00e1ximo beneficio.<br>Balanceamos&nbsp; la colaboraci\u00f3n e intercambio de ideas en grupo con los beneficios de una clase personalizada. <\/p>\n\n\n<h5>Forma de Pago e inscripci\u00f3n<\/h5>\n\n\n<p>En AMG <strong>no<\/strong> cobramos inscripci\u00f3n, por lo que para anotarte se debe abonar previamente y as\u00ed te aseguras tu lugar.<br> Una vez que recibimos tu solicitud de inscripci\u00f3n con tus datos, te enviamos la info de acuerdo a tu forma de pago elegida.<br>Ten\u00e9s distintas alternativas de pago: <\/p>\n\n\n\n<ul class=\"wp-block-list\">\n<li>Transferencia &#8211; Cuando recibimos tus datos, te enviamos la informaci\u00f3n de la cuenta<\/li>\n\n\n\n<li>Tarjeta &#8211; Te enviamos el link de pago (Tiene 10% de recargo)<\/li>\n<\/ul>\n\n\n<h5>Valor y Fechas<\/h5>\n\n<div class=\"supsystic-table-loader spinner\"style=\"background-color:#50c8b4\"><\/div><div id=\"supsystic-table-26_4555\" class=\"supsystic-tables-wrap \" style=\" visibility: hidden; \" ><table id=\"supsystic-table-26\" class=\"supsystic-table compact paragraphMode ColWithMergeCellsAlign border stripe hover lightboxImg cell-border\" data-id=\"26\" data-view-id=\"26_4555\" data-title=\"Cursos_Lenceria_Presencial\" data-currency-format=\"$1,000.00\" data-percent-format=\"10.00%\" data-date-format=\"DD.MM.YYYY\" data-time-format=\"HH:mm\" data-features=\"[&quot;after_table_loaded_script&quot;,&quot;auto_width&quot;]\" data-search-value=\"\" data-lightbox-img=\"\" data-head=\"on\" data-head-rows-count=\"1\" data-foot-custom-rows-count=\"1\" data-pagination-length=\"50,100,All\" data-auto-index=\"off\" data-searching-settings=\"{&quot;columnSearchPosition&quot;:&quot;bottom&quot;,&quot;minChars&quot;:&quot;0&quot;}\" data-lang=\"Spanish\" data-override=\"{&quot;emptyTable&quot;:&quot;&quot;,&quot;info&quot;:&quot;&quot;,&quot;infoEmpty&quot;:&quot;&quot;,&quot;infoFiltered&quot;:&quot;&quot;,&quot;lengthMenu&quot;:&quot;&quot;,&quot;search&quot;:&quot;&quot;,&quot;previous&quot;:&quot;&quot;,&quot;next&quot;:&quot;&quot;,&quot;zeroRecords&quot;:&quot;&quot;,&quot;exportLabel&quot;:&quot;&quot;,&quot;file&quot;:&quot;Spanish&quot;}\" data-translation=\"{ &quot;sProcessing&quot;: &quot;Procesando...&quot;, &quot;sLengthMenu&quot;: &quot;Mostrar _MENU_ registros&quot;, &quot;sZeroRecords&quot;: &quot;No se encontraron resultados&quot;, &quot;sEmptyTable&quot;: &quot;Ning\u00fan dato disponible en esta tabla&quot;, &quot;sInfo&quot;: &quot;Mostrando registros del _START_ al _END_ de un total de _TOTAL_ registros&quot;, &quot;sInfoEmpty&quot;: &quot;Mostrando registros del 0 al 0 de un total de 0 registros&quot;, &quot;sInfoFiltered&quot;: &quot;(filtrado de un total de _MAX_ registros)&quot;, &quot;sInfoPostFix&quot;: &quot;&quot;, &quot;sSearch&quot;: &quot;Buscar:&quot;, &quot;sUrl&quot;: &quot;&quot;, &quot;sInfoThousands&quot;: &quot;,&quot;, &quot;sLoadingRecords&quot;: &quot;Cargando...&quot;, &quot;oPaginate&quot;: { &quot;sFirst&quot;: &quot;Primero&quot;, &quot;sLast&quot;: &quot;\u00daltimo&quot;, &quot;sNext&quot;: &quot;Siguiente&quot;, &quot;sPrevious&quot;: &quot;Anterior&quot; }, &quot;oAria&quot;: { &quot;sSortAscending&quot;: &quot;: Activar para ordenar la columna de manera ascendente&quot;, &quot;sSortDescending&quot;: &quot;: Activar para ordenar la columna de manera descendente&quot; } }\" data-merged=\"[{&quot;row&quot;:2,&quot;col&quot;:0,&quot;rowspan&quot;:1,&quot;colspan&quot;:5,&quot;removed&quot;:false},{&quot;row&quot;:3,&quot;col&quot;:0,&quot;rowspan&quot;:1,&quot;colspan&quot;:5,&quot;removed&quot;:false},{&quot;row&quot;:4,&quot;col&quot;:0,&quot;rowspan&quot;:1,&quot;colspan&quot;:5,&quot;removed&quot;:false}]\" data-responsive-mode=\"0\" data-from-history=\"0\" ><thead><tr><th data-cell-id=\"A1\" data-x=\"0\" data-y=\"1\" data-db-index=\"1\" class=\"bold htCenter htMiddle\" data-cell-type=\"text\" data-original-value=\"\" data-order=\"\" ><\/th><th data-cell-id=\"B1\" data-x=\"1\" data-y=\"1\" data-db-index=\"1\" class=\"bold htCenter htMiddle\" data-cell-type=\"text\" data-original-value=\"Clases\" data-order=\"Clases\" >Clases <\/th><th data-cell-id=\"C1\" data-x=\"2\" data-y=\"1\" data-db-index=\"1\" class=\"bold htCenter htMiddle\" data-cell-type=\"text\" data-original-value=\"Horarios\" data-order=\"Horarios\" >Horarios <\/th><th data-cell-id=\"D1\" data-x=\"3\" data-y=\"1\" data-db-index=\"1\" class=\"htCenter htMiddle\" data-cell-type=\"text\" data-original-value=\"Fecha de inicio\" data-order=\"Fecha de inicio\" >Fecha de inicio <\/th><th data-cell-id=\"E1\" data-x=\"4\" data-y=\"1\" data-db-index=\"1\" class=\"htCenter htMiddle\" data-cell-type=\"text\" data-original-value=\"Valor mensual\" data-order=\"Valor mensual\" >Valor mensual <\/th><\/tr><\/thead><tbody><tr style=\"height:px\" ><td data-cell-id=\"A2\" data-x=\"0\" data-y=\"2\" data-db-index=\"2\" class=\"htCenter htMiddle\" data-cell-type=\"text\" data-original-value=\"&lt;a href=&quot;https:\/\/www.amgestudiocreativo.com.ar\/amg\/capacitacion\/cursos-amg-estudio-creativo\/curso-de-lenceria-nivel-1\/&quot; target=&quot;_self&quot;&gt; Lencer\u00eda 1 Presencial&lt;\/a&gt;\" data-order=\"&lt;a href=&quot;https:\/\/www.amgestudiocreativo.com.ar\/amg\/capacitacion\/cursos-amg-estudio-creativo\/curso-de-lenceria-nivel-1\/&quot; target=&quot;_self&quot;&gt; Lencer\u00eda 1 Presencial&lt;\/a&gt;\" ><a href=\"https:\/\/www.amgestudiocreativo.com.ar\/amg\/capacitacion\/cursos-amg-estudio-creativo\/curso-de-lenceria-nivel-1\/\" target=\"_self\"> Lencer\u00eda 1 Presencial<\/a><\/td><td data-cell-id=\"B2\" data-x=\"1\" data-y=\"2\" data-db-index=\"2\" class=\"htCenter htMiddle\" data-cell-type=\"text\" data-cell-format-type=\"number\" data-original-value=\"8\" data-order=\"8\" >8 <\/td><td data-cell-id=\"C2\" data-x=\"2\" data-y=\"2\" data-db-index=\"2\" class=\"bold htCenter htMiddle\" data-cell-type=\"text\" data-original-value=\"Mi\u00e9rcoles 19 a 21hs\" data-order=\"Mi\u00e9rcoles 19 a 21hs\" >Mi\u00e9rcoles 19 a 21hs <\/td><td data-cell-id=\"D2\" data-x=\"3\" data-y=\"2\" data-db-index=\"2\" class=\"htCenter htMiddle\" data-cell-type=\"text\" data-original-value=\"11\/3\" data-order=\"11\/3\" >11\/3 <\/td><td data-cell-id=\"E2\" data-x=\"4\" data-y=\"2\" data-db-index=\"2\" class=\"htCenter htMiddle bold\" data-cell-type=\"text\" data-original-value=\"$83334\" data-order=\"$83334\" >$83334 <\/td><\/tr><tr style=\"height:px\" ><td data-cell-id=\"A3\" data-x=\"0\" data-y=\"3\" data-db-index=\"3\" class=\"htCenter bold\" data-cell-type=\"text\" data-original-value=\"* Valor en un pago con tarjeta\" data-order=\"* Valor en un pago con tarjeta\" data-colspan=\"5\" data-rowspan=\"1\" >* Valor en un pago con tarjeta <\/td><td data-cell-id=\"B3\" data-x=\"1\" data-y=\"3\" data-db-index=\"3\" class=\"htCenter bold\" data-cell-type=\"text\" data-cell-format-type=\"number\" data-original-value=\"\" data-order=\"\" data-hide=\"true\" ><\/td><td data-cell-id=\"C3\" data-x=\"2\" data-y=\"3\" data-db-index=\"3\" class=\"htCenter bold\" data-cell-type=\"text\" data-original-value=\"\" data-order=\"\" data-hide=\"true\" ><\/td><td data-cell-id=\"D3\" data-x=\"3\" data-y=\"3\" data-db-index=\"3\" class=\"htCenter bold\" data-cell-type=\"text\" data-original-value=\"\" data-order=\"\" data-hide=\"true\" ><\/td><td data-cell-id=\"E3\" data-x=\"4\" data-y=\"3\" data-db-index=\"3\" class=\"htCenter bold\" data-cell-type=\"text\" data-original-value=\"\" data-order=\"\" data-hide=\"true\" ><\/td><\/tr><tr style=\"height:px\" ><td data-cell-id=\"A4\" data-x=\"0\" data-y=\"4\" data-db-index=\"4\" class=\"htCenter bold\" data-cell-type=\"text\" data-original-value=\"** Transferencia 10% de descuento\" data-order=\"** Transferencia 10% de descuento\" data-colspan=\"5\" data-rowspan=\"1\" >** Transferencia 10% de descuento <\/td><td data-cell-id=\"B4\" data-x=\"1\" data-y=\"4\" data-db-index=\"4\" class=\"htCenter bold\" data-cell-type=\"text\" data-cell-format-type=\"number\" data-original-value=\"\" data-order=\"\" data-hide=\"true\" ><\/td><td data-cell-id=\"C4\" data-x=\"2\" data-y=\"4\" data-db-index=\"4\" class=\"htCenter bold\" data-cell-type=\"text\" data-original-value=\"\" data-order=\"\" data-hide=\"true\" ><\/td><td data-cell-id=\"D4\" data-x=\"3\" data-y=\"4\" data-db-index=\"4\" class=\"htCenter bold\" data-cell-type=\"text\" data-original-value=\"\" data-order=\"\" data-hide=\"true\" ><\/td><td data-cell-id=\"E4\" data-x=\"4\" data-y=\"4\" data-db-index=\"4\" class=\"htCenter bold\" data-cell-type=\"text\" data-original-value=\"\" data-order=\"\" data-hide=\"true\" ><\/td><\/tr><tr style=\"height:px\" ><td data-cell-id=\"A5\" data-x=\"0\" data-y=\"5\" data-db-index=\"5\" class=\"htCenter htMiddle\" data-cell-type=\"text\" data-original-value=\"25 de Mayo 85, Temperley\" data-order=\"25 de Mayo 85, Temperley\" data-colspan=\"5\" data-rowspan=\"1\" >25 de Mayo 85, Temperley <\/td><td data-cell-id=\"B5\" data-x=\"1\" data-y=\"5\" data-db-index=\"5\" class=\"htCenter htMiddle\" data-cell-type=\"text\" data-cell-format-type=\"number\" data-original-value=\"\" data-order=\"\" data-hide=\"true\" ><\/td><td data-cell-id=\"C5\" data-x=\"2\" data-y=\"5\" data-db-index=\"5\" class=\"htCenter htMiddle bold\" data-cell-type=\"text\" data-original-value=\"\" data-order=\"\" data-hide=\"true\" ><\/td><td data-cell-id=\"D5\" data-x=\"3\" data-y=\"5\" data-db-index=\"5\" class=\"htCenter htMiddle\" data-cell-type=\"text\" data-original-value=\"\" data-order=\"\" data-hide=\"true\" ><\/td><td data-cell-id=\"E5\" data-x=\"4\" data-y=\"5\" data-db-index=\"5\" class=\"htCenter htMiddle\" data-cell-type=\"text\" data-original-value=\"\" data-order=\"\" data-hide=\"true\" ><\/td><\/tr><\/tbody><\/table><!-- \/#supsystic-table-26.supsystic-table --><div class=\"table-signature\">AMG Estudio Creativo - Dise\u00f1o | Moda | Indumentaria | Lencer\u00eda | Calzado | Marroquiner\u00eda<\/div><\/div><!-- \/.supsystic-tables-wrap --><!-- Tables Generator by Supsystic --><!-- Version:1.10.47 --><!-- http:\/\/supsystic.com\/ --><a title=\"WordPress Data Table Plugin\" style=\"display:none;\" href=\"https:\/\/supsystic.com\/plugins\/wordpress-data-table-plugin\/?utm_medium=love_link\" target=\"_blank\" rel=\"noopener\">WordPress Data Table Plugin<\/a>\n\n\n\n<div class=\"wp-block-button\"><a class=\"wp-block-button__link has-orange-background-color has-background has-text-align-center wp-element-button\" href=\"https:\/\/tienda.amgestudiocreativo.com.ar\/cursos-presenciales\" target=\"_blank\" rel=\"noreferrer noopener\">INSCRIBIRME YA!<\/a><\/div>\n\n\n\n<hr class=\"wp-block-separator has-css-opacity\"\/>\n\n\n\n<p>Para conocer el Valor , d\u00edas, y  horarios de todos los cursos disponibles;  toc\u00e1 el bot\u00f3n<\/p>\n\n\n\n<div class=\"wp-block-button aligncenter is-style-default\"><a class=\"wp-block-button__link has-orange-background-color has-background\" href=\"https:\/\/www.amgestudiocreativo.com.ar\/amg\/calendario-de-cursos-y-talleres\/\">Ver Horarios  y Valores&#8230;<\/a><\/div>\n\n\n\n<hr class=\"wp-block-separator has-css-opacity\"\/>\n\n\n\n<p class=\"has-text-align-center\">Sitio dise\u00f1ado y administrado por <a rel=\"noreferrer noopener\" aria-label=\" (abre en una nueva pesta\u00f1a)\" href=\"https:\/\/www.instagram.com\/falboph\" target=\"_blank\" class=\"rank-math-link\">@FalboPh<\/a><\/p>\n","protected":false},"excerpt":{"rendered":"<p>Si so\u00f1\u00e1s con dise\u00f1ar y hacer Lencer\u00eda, sumate.Tenemos el mejor curso para vos C\u00f3mo son las clases del Curso de Lencer\u00eda Nivel 1? El Curso&hellip;<\/p>\n","protected":false},"author":1,"featured_media":19,"parent":31,"menu_order":0,"comment_status":"closed","ping_status":"closed","template":"","meta":{"content-type":"","footnotes":""},"class_list":["post-205","page","type-page","status-publish","has-post-thumbnail","hentry"],"_links":{"self":[{"href":"https:\/\/www.amgestudiocreativo.com.ar\/amg\/wp-json\/wp\/v2\/pages\/205","targetHints":{"allow":["GET"]}}],"collection":[{"href":"https:\/\/www.amgestudiocreativo.com.ar\/amg\/wp-json\/wp\/v2\/pages"}],"about":[{"href":"https:\/\/www.amgestudiocreativo.com.ar\/amg\/wp-json\/wp\/v2\/types\/page"}],"author":[{"embeddable":true,"href":"https:\/\/www.amgestudiocreativo.com.ar\/amg\/wp-json\/wp\/v2\/users\/1"}],"replies":[{"embeddable":true,"href":"https:\/\/www.amgestudiocreativo.com.ar\/amg\/wp-json\/wp\/v2\/comments?post=205"}],"version-history":[{"count":22,"href":"https:\/\/www.amgestudiocreativo.com.ar\/amg\/wp-json\/wp\/v2\/pages\/205\/revisions"}],"predecessor-version":[{"id":10009,"href":"https:\/\/www.amgestudiocreativo.com.ar\/amg\/wp-json\/wp\/v2\/pages\/205\/revisions\/10009"}],"up":[{"embeddable":true,"href":"https:\/\/www.amgestudiocreativo.com.ar\/amg\/wp-json\/wp\/v2\/pages\/31"}],"wp:featuredmedia":[{"embeddable":true,"href":"https:\/\/www.amgestudiocreativo.com.ar\/amg\/wp-json\/wp\/v2\/media\/19"}],"wp:attachment":[{"href":"https:\/\/www.amgestudiocreativo.com.ar\/amg\/wp-json\/wp\/v2\/media?parent=205"}],"curies":[{"name":"wp","href":"https:\/\/api.w.org\/{rel}","templated":true}]}}