{"id":1794,"date":"2024-12-27T22:26:12","date_gmt":"2024-12-28T01:26:12","guid":{"rendered":"https:\/\/www.amgestudiocreativo.com.ar\/amg\/?page_id=1794"},"modified":"2025-01-05T17:44:42","modified_gmt":"2025-01-05T20:44:42","slug":"taller-para-nenas","status":"publish","type":"page","link":"https:\/\/www.amgestudiocreativo.com.ar\/amg\/capacitacion\/cursos-amg-estudio-creativo\/taller-para-nenas\/","title":{"rendered":"Taller para nenas"},"content":{"rendered":"<h4><strong>Introducci\u00f3n al mundo de la moda el dise\u00f1o y la decoraci\u00f3n. Clases pr\u00e1cticas<\/strong><\/h4>\n\n\n<hr class=\"wp-block-separator has-css-opacity\"\/>\n\n\n<h5>\u00bfC\u00f3mo son las clases?<\/h5>\n\n\n<div class=\"wp-block-media-text alignwide has-media-on-the-right\" style=\"grid-template-columns:auto 27%\"><div class=\"wp-block-media-text__content\">\n<p class=\"has-text-align-left\">El Taller para nenas se desarrolla en forma continua. No hay fecha de inicio ni finalizaci\u00f3n, ya que vamos haciendo diferentes trabajos clase a clase. Te podes sumar cuando quieras! No te preocupes por las vacaciones, nos organizamos.<br>Cursas 1 vez por semana, 2hs<br>Las clases son pr\u00e1cticas y no se necesitan conocimientos previos.<br>Muchos de los materiales est\u00e1n inclu\u00eddos, y otros vas a traer vos, por ejemplo, tus prendas para para intervenir, o materiales para reciclar (botellas, CDs, cajas, contenedores, latas, etc)<\/p>\n\n\n\n<p class=\"has-text-align-left\">Disponemos de m\u00e1quinas individuales para cada alumna. Opcionalmente, podes traer la tuya si preferis hacerlo<br><br><\/p>\n<\/div><figure class=\"wp-block-media-text__media\"><img loading=\"lazy\" decoding=\"async\" width=\"735\" height=\"610\" src=\"https:\/\/www.amgestudiocreativo.com.ar\/amg\/wp-content\/uploads\/2024\/12\/descarga-1.jpg\" alt=\"\" class=\"wp-image-1795 size-full\" title=\"\" srcset=\"https:\/\/www.amgestudiocreativo.com.ar\/amg\/wp-content\/uploads\/2024\/12\/descarga-1.jpg 735w, https:\/\/www.amgestudiocreativo.com.ar\/amg\/wp-content\/uploads\/2024\/12\/descarga-1-600x498.jpg 600w, https:\/\/www.amgestudiocreativo.com.ar\/amg\/wp-content\/uploads\/2024\/12\/descarga-1-300x249.jpg 300w\" sizes=\"auto, (max-width: 735px) 100vw, 735px\" \/><\/figure><\/div>\n\n\n<h5>Qu\u00e9 vas a aprender<\/h5>\n\n\n<p>Vas a desarrollar tu creatividad, tus habilidades, y conocer diferentes t\u00e9cnicas de costura, tejido y mas. Vamos a Reciclar materiales para fomentar la Reutilizaci\u00f3n y la Reducci\u00f3n de desechos en el medio ambiente<br>Por ejemplo vamos a:<\/p>\n\n\n\n<ul class=\"wp-block-list\">\n<li>Coser a m\u00e1quina y a mano <\/li>\n\n\n\n<li>Bordar con diferentes elementos (mostacillas, canutillos, cintas, y generando nuestros propios materiales)<\/li>\n\n\n\n<li>Tejer a crochet y dos agujas<\/li>\n\n\n\n<li>Pintar sobre tela y otros objetos decorativos<\/li>\n\n\n\n<li>Reciclar prendas y materiales para ayudar al medio ambiente<\/li>\n<\/ul>\n\n\n<h5>Que trabajos realizamos<\/h5>\n\n\n<ul class=\"wp-block-list\">\n<li>Ecobolsa para transporte de materiales cosida a m\u00e1quina, bordada y estampada con tus propios dise\u00f1os<\/li>\n\n\n\n<li>Reciclado de una prenda (trabajo con bordado en piedras)<\/li>\n\n\n\n<li>Bijouterie con materiales reciclados<\/li>\n\n\n\n<li>Intervenci\u00f3n textil<\/li>\n\n\n\n<li>Transformaci\u00f3nes y reciclado de prendas<\/li>\n\n\n\n<li>Tejido con telar<\/li>\n\n\n\n<li>Trabajos con hilos y cintas<\/li>\n\n\n\n<li>Contenedores decorados<\/li>\n\n\n\n<li>Deco colgante<\/li>\n\n\n\n<li>Tejido con alambres a crochet<\/li>\n\n\n\n<li>Deco con Jeaner\u00eda en desuso<\/li>\n\n\n\n<li>&#8230;y mucho mas!<\/li>\n<\/ul>\n\n\n\n<ul class=\"wp-block-list\">\n<li><\/li>\n<\/ul>\n\n\n<h5>Requisitos para inscribirse<\/h5>\n\n\n<ul class=\"wp-block-list\">\n<li>Chicas de 10 a 14 a\u00f1os (otras edades, consultar)<\/li>\n\n\n\n<li>Autorizaci\u00f3n de adulto responsable y contacto para seguimiento con la profe<\/li>\n\n\n\n<li>Sin conocimientos previos<\/li>\n\n\n\n<li>Muchas ganas de trabajar y divertirse!<\/li>\n<\/ul>\n\n\n\n<hr class=\"wp-block-separator has-css-opacity\"\/>\n\n\n<h5>Grupos reducidos<\/h5>\n\n\n<p>Queremos garantizar que las clases sean efectivas y que puedas sacarle el m\u00e1ximo beneficio.<br>Balanceamos&nbsp; la colaboraci\u00f3n e intercambio de ideas en grupo con los beneficios de una clase personalizada. <\/p>\n\n\n<h5>Forma de Pago e inscripci\u00f3n<\/h5>\n\n\n<p>En AMG&nbsp;<strong>no<\/strong>&nbsp;cobramos inscripci\u00f3n, por lo que para anotarte se debe abonar previamente y as\u00ed te aseguras tu lugar.<br>Una vez que recibimos tu solicitud de inscripci\u00f3n con tus datos, te enviamos la info de acuerdo a tu forma de pago elegida.<br>Ten\u00e9s distintas alternativas de pago:<\/p>\n\n\n\n<ul class=\"wp-block-list\">\n<li>Transferencia \u2013 Cuando recibimos tus datos, te enviamos la informaci\u00f3n de la cuenta<\/li>\n\n\n\n<li>Tarjeta \u2013 Te enviamos el link de pago (Tiene 10% de recargo)<\/li>\n<\/ul>\n\n\n<h5>Valor y Fechas<\/h5>\n\n<div class=\"supsystic-table-loader spinner\"style=\"background-color:#50c8b4\"><\/div><div id=\"supsystic-table-25_54229\" class=\"supsystic-tables-wrap \" style=\" visibility: hidden; \" ><table id=\"supsystic-table-25\" class=\"supsystic-table compact paragraphMode ColWithMergeCellsAlign border stripe hover lightboxImg cell-border\" data-id=\"25\" data-view-id=\"25_54229\" data-title=\"Taller_Nenas\" data-currency-format=\"$1,000.00\" data-percent-format=\"10.00%\" data-date-format=\"DD.MM.YYYY\" data-time-format=\"HH:mm\" data-features=\"[&quot;after_table_loaded_script&quot;,&quot;auto_width&quot;]\" data-search-value=\"\" data-lightbox-img=\"\" data-head=\"on\" data-head-rows-count=\"1\" data-pagination-length=\"50,100,All\" data-auto-index=\"off\" data-searching-settings=\"{&quot;columnSearchPosition&quot;:&quot;bottom&quot;,&quot;minChars&quot;:&quot;0&quot;}\" data-lang=\"Spanish\" data-override=\"{&quot;emptyTable&quot;:&quot;&quot;,&quot;info&quot;:&quot;&quot;,&quot;infoEmpty&quot;:&quot;&quot;,&quot;infoFiltered&quot;:&quot;&quot;,&quot;lengthMenu&quot;:&quot;&quot;,&quot;search&quot;:&quot;&quot;,&quot;previous&quot;:&quot;&quot;,&quot;next&quot;:&quot;&quot;,&quot;zeroRecords&quot;:&quot;&quot;,&quot;exportLabel&quot;:&quot;&quot;,&quot;file&quot;:&quot;Spanish&quot;}\" data-merged=\"[{&quot;row&quot;:3,&quot;col&quot;:0,&quot;rowspan&quot;:1,&quot;colspan&quot;:5,&quot;removed&quot;:false},{&quot;row&quot;:4,&quot;col&quot;:0,&quot;rowspan&quot;:1,&quot;colspan&quot;:5,&quot;removed&quot;:false},{&quot;row&quot;:5,&quot;col&quot;:0,&quot;rowspan&quot;:1,&quot;colspan&quot;:5,&quot;removed&quot;:false}]\" data-responsive-mode=\"0\" data-from-history=\"0\" ><thead><tr><th data-cell-id=\"A1\" data-x=\"0\" data-y=\"1\" data-db-index=\"1\" class=\"htLeft bold htMiddle\" data-cell-type=\"text\" data-cell-format-type=\"number\" data-original-value=\"\" data-order=\"\" ><\/th><th data-cell-id=\"B1\" data-x=\"1\" data-y=\"1\" data-db-index=\"1\" class=\"htMiddle htCenter bold\" data-cell-type=\"text\" data-original-value=\"Clases\" data-order=\"Clases\" >Clases <\/th><th data-cell-id=\"C1\" data-x=\"2\" data-y=\"1\" data-db-index=\"1\" class=\"bold htCenter htMiddle\" data-cell-type=\"text\" data-original-value=\"Horarios\" data-order=\"Horarios\" >Horarios <\/th><th data-cell-id=\"D1\" data-x=\"3\" data-y=\"1\" data-db-index=\"1\" class=\"htMiddle htCenter bold\" data-cell-type=\"text\" data-original-value=\"Fecha de inicio\" data-order=\"Fecha de inicio\" >Fecha de inicio <\/th><th data-cell-id=\"E1\" data-x=\"4\" data-y=\"1\" data-db-index=\"1\" class=\"htMiddle htCenter bold\" data-cell-type=\"text\" data-original-value=\"Valor*\" data-order=\"Valor*\" >Valor* <\/th><\/tr><\/thead><tbody><tr style=\"height:px\" ><td data-cell-id=\"A2\" data-x=\"0\" data-y=\"2\" data-db-index=\"2\" class=\"bold htLeft htMiddle\" data-cell-type=\"text\" data-original-value=\"&lt;a href=&quot;https:\/\/www.amgestudiocreativo.com.ar\/amg\/capacitacion\/cursos-amg-estudio-creativo\/taller-para-nenas\/&quot; target=&quot;_self&quot;&gt; Taller para Nenas&lt;\/a&gt;\" data-order=\"&lt;a href=&quot;https:\/\/www.amgestudiocreativo.com.ar\/amg\/capacitacion\/cursos-amg-estudio-creativo\/taller-para-nenas\/&quot; target=&quot;_self&quot;&gt; Taller para Nenas&lt;\/a&gt;\" ><a href=\"https:\/\/www.amgestudiocreativo.com.ar\/amg\/capacitacion\/cursos-amg-estudio-creativo\/taller-para-nenas\/\" target=\"_self\"> Taller para Nenas<\/a><\/td><td data-cell-id=\"B2\" data-x=\"1\" data-y=\"2\" data-db-index=\"2\" class=\"htCenter htMiddle\" data-cell-type=\"text\" data-cell-format-type=\"number\" data-original-value=\"Continuo\" data-order=\"Continuo\" >Continuo <\/td><td data-cell-id=\"C2\" data-x=\"2\" data-y=\"2\" data-db-index=\"2\" class=\"htCenter htMiddle\" data-cell-type=\"text\" data-original-value=\"Martes 17.30 a 19.30hs\" data-order=\"Martes 17.30 a 19.30hs\" >Martes 17.30 a 19.30hs <\/td><td data-cell-id=\"D2\" data-x=\"3\" data-y=\"2\" data-db-index=\"2\" class=\"htCenter htMiddle\" data-cell-type=\"text\" data-original-value=\"\" data-order=\"\" ><\/td><td data-cell-id=\"E2\" data-x=\"4\" data-y=\"2\" data-db-index=\"2\" class=\"bold htCenter htMiddle\" data-cell-type=\"text\" data-original-value=\"\" data-order=\"\" ><\/td><\/tr><tr style=\"height:px\" ><td data-cell-id=\"A3\" data-x=\"0\" data-y=\"3\" data-db-index=\"3\" class=\"bold htLeft htMiddle\" data-cell-type=\"text\" data-original-value=\"\" data-order=\"\" ><\/td><td data-cell-id=\"B3\" data-x=\"1\" data-y=\"3\" data-db-index=\"3\" class=\"htCenter htMiddle\" data-cell-type=\"text\" data-cell-format-type=\"number\" data-original-value=\"\" data-order=\"\" ><\/td><td data-cell-id=\"C3\" data-x=\"2\" data-y=\"3\" data-db-index=\"3\" class=\"htCenter htMiddle\" data-cell-type=\"text\" data-original-value=\"\" data-order=\"\" ><\/td><td data-cell-id=\"D3\" data-x=\"3\" data-y=\"3\" data-db-index=\"3\" class=\"htCenter htMiddle\" data-cell-type=\"text\" data-original-value=\"\" data-order=\"\" ><\/td><td data-cell-id=\"E3\" data-x=\"4\" data-y=\"3\" data-db-index=\"3\" class=\"bold htCenter htMiddle\" data-cell-type=\"text\" data-original-value=\"\" data-order=\"\" ><\/td><\/tr><tr style=\"height:px\" ><td data-cell-id=\"A4\" data-x=\"0\" data-y=\"4\" data-db-index=\"4\" class=\"htMiddle htCenter bold\" data-cell-type=\"text\" data-original-value=\"* Valor abonando con transferencia\" data-order=\"* Valor abonando con transferencia\" data-colspan=\"5\" data-rowspan=\"1\" >* Valor abonando con transferencia <\/td><td data-cell-id=\"B4\" data-x=\"1\" data-y=\"4\" data-db-index=\"4\" class=\"htMiddle htCenter\" data-cell-type=\"text\" data-cell-format-type=\"number\" data-original-value=\"\" data-order=\"\" data-hide=\"true\" ><\/td><td data-cell-id=\"C4\" data-x=\"2\" data-y=\"4\" data-db-index=\"4\" class=\"htMiddle htCenter\" data-cell-type=\"text\" data-original-value=\"\" data-order=\"\" data-hide=\"true\" ><\/td><td data-cell-id=\"D4\" data-x=\"3\" data-y=\"4\" data-db-index=\"4\" class=\"htMiddle htCenter\" data-cell-type=\"text\" data-original-value=\"\" data-order=\"\" data-hide=\"true\" ><\/td><td data-cell-id=\"E4\" data-x=\"4\" data-y=\"4\" data-db-index=\"4\" class=\"htMiddle htCenter\" data-cell-type=\"text\" data-original-value=\"\" data-order=\"\" data-hide=\"true\" ><\/td><\/tr><tr style=\"height:px\" ><td data-cell-id=\"A5\" data-x=\"0\" data-y=\"5\" data-db-index=\"5\" class=\"htMiddle htCenter bold\" data-cell-type=\"text\" data-cell-format-type=\"number\" data-original-value=\"** Tarjeta sumar 10% adicional\" data-order=\"** Tarjeta sumar 10% adicional\" data-colspan=\"5\" data-rowspan=\"1\" >** Tarjeta sumar 10% adicional <\/td><td data-cell-id=\"B5\" data-x=\"1\" data-y=\"5\" data-db-index=\"5\" class=\"htMiddle htCenter bold\" data-cell-type=\"text\" data-cell-format-type=\"number\" data-original-value=\"\" data-order=\"\" data-hide=\"true\" ><\/td><td data-cell-id=\"C5\" data-x=\"2\" data-y=\"5\" data-db-index=\"5\" class=\"htMiddle htCenter bold\" data-cell-type=\"text\" data-original-value=\"\" data-order=\"\" data-hide=\"true\" ><\/td><td data-cell-id=\"D5\" data-x=\"3\" data-y=\"5\" data-db-index=\"5\" class=\"htMiddle htCenter\" data-cell-type=\"text\" data-original-value=\"\" data-order=\"\" data-hide=\"true\" ><\/td><td data-cell-id=\"E5\" data-x=\"4\" data-y=\"5\" data-db-index=\"5\" class=\"htMiddle htCenter\" data-cell-type=\"text\" data-original-value=\"\" data-order=\"\" data-hide=\"true\" ><\/td><\/tr><tr style=\"height:px\" ><td data-cell-id=\"A6\" data-x=\"0\" data-y=\"6\" data-db-index=\"6\" class=\"htCenter\" data-cell-type=\"text\" data-original-value=\"25 de Mayo 85, Temperley\" data-order=\"25 de Mayo 85, Temperley\" data-colspan=\"5\" data-rowspan=\"1\" >25 de Mayo 85, Temperley <\/td><td data-cell-id=\"B6\" data-x=\"1\" data-y=\"6\" data-db-index=\"6\" class=\"htCenter\" data-cell-type=\"text\" data-original-value=\"\" data-order=\"\" data-hide=\"true\" ><\/td><td data-cell-id=\"C6\" data-x=\"2\" data-y=\"6\" data-db-index=\"6\" class=\"htCenter\" data-cell-type=\"text\" data-original-value=\"\" data-order=\"\" data-hide=\"true\" ><\/td><td data-cell-id=\"D6\" data-x=\"3\" data-y=\"6\" data-db-index=\"6\" class=\"htCenter\" data-cell-type=\"text\" data-original-value=\"\" data-order=\"\" data-hide=\"true\" ><\/td><td data-cell-id=\"E6\" data-x=\"4\" data-y=\"6\" data-db-index=\"6\" class=\"htCenter\" data-cell-type=\"text\" data-original-value=\"\" data-order=\"\" data-hide=\"true\" ><\/td><\/tr><\/tbody><\/table><!-- \/#supsystic-table-25.supsystic-table --><div class=\"table-signature\">AMG Estudio Creativo - Dise\u00f1o | Moda | Indumentaria | Lencer\u00eda | Calzado | Marroquiner\u00eda<\/div><\/div><!-- \/.supsystic-tables-wrap --><!-- Tables Generator by Supsystic --><!-- Version:1.11.0 --><!-- http:\/\/supsystic.com\/ --><a title=\"WordPress Data Table Plugin\" style=\"display:none;\" href=\"https:\/\/supsystic.com\/plugins\/wordpress-data-table-plugin\/?utm_medium=love_link\" target=\"_blank\" rel=\"noopener\">WordPress Data Table Plugin<\/a>\n\n\n\n<div class=\"wp-block-button\"><a class=\"wp-block-button__link has-orange-background-color has-background has-text-align-center wp-element-button\" href=\"https:\/\/tienda.amgestudiocreativo.com.ar\/cursos-presenciales\" target=\"_blank\" rel=\"noreferrer noopener\">INSCRIBIRME YA!<\/a><\/div>\n\n\n\n<hr class=\"wp-block-separator has-css-opacity\"\/>\n\n\n\n<p class=\"has-text-align-center\">Sitio dise\u00f1ado y administrado por <a rel=\"noreferrer noopener\" aria-label=\" (abre en una nueva pesta\u00f1a)\" href=\"https:\/\/www.instagram.com\/falboph\" target=\"_blank\" class=\"rank-math-link\">@FalboPh<\/a><\/p>\n\n\n\n<ul class=\"wp-block-social-links is-content-justification-center is-layout-flex wp-container-core-social-links-is-layout-16018d1d wp-block-social-links-is-layout-flex\"><li class=\"wp-social-link wp-social-link-facebook  wp-block-social-link\"><a href=\"https:\/\/www.facebook.com\/amgestudiocreativo\" class=\"wp-block-social-link-anchor\" target=\"_blank\" rel=\"noopener\"><svg width=\"24\" height=\"24\" viewBox=\"0 0 24 24\" version=\"1.1\" xmlns=\"http:\/\/www.w3.org\/2000\/svg\" aria-hidden=\"true\" focusable=\"false\"><path d=\"M12 2C6.5 2 2 6.5 2 12c0 5 3.7 9.1 8.4 9.9v-7H7.9V12h2.5V9.8c0-2.5 1.5-3.9 3.8-3.9 1.1 0 2.2.2 2.2.2v2.5h-1.3c-1.2 0-1.6.8-1.6 1.6V12h2.8l-.4 2.9h-2.3v7C18.3 21.1 22 17 22 12c0-5.5-4.5-10-10-10z\"><\/path><\/svg><span class=\"wp-block-social-link-label screen-reader-text\">Facebook<\/span><\/a><\/li>\n\n<li class=\"wp-social-link wp-social-link-instagram  wp-block-social-link\"><a href=\"https:\/\/www.instagram.com\/amgestudiocreativo\" class=\"wp-block-social-link-anchor\" target=\"_blank\" rel=\"noopener\"><svg width=\"24\" height=\"24\" viewBox=\"0 0 24 24\" version=\"1.1\" xmlns=\"http:\/\/www.w3.org\/2000\/svg\" aria-hidden=\"true\" focusable=\"false\"><path d=\"M12,4.622c2.403,0,2.688,0.009,3.637,0.052c0.877,0.04,1.354,0.187,1.671,0.31c0.42,0.163,0.72,0.358,1.035,0.673 c0.315,0.315,0.51,0.615,0.673,1.035c0.123,0.317,0.27,0.794,0.31,1.671c0.043,0.949,0.052,1.234,0.052,3.637 s-0.009,2.688-0.052,3.637c-0.04,0.877-0.187,1.354-0.31,1.671c-0.163,0.42-0.358,0.72-0.673,1.035 c-0.315,0.315-0.615,0.51-1.035,0.673c-0.317,0.123-0.794,0.27-1.671,0.31c-0.949,0.043-1.233,0.052-3.637,0.052 s-2.688-0.009-3.637-0.052c-0.877-0.04-1.354-0.187-1.671-0.31c-0.42-0.163-0.72-0.358-1.035-0.673 c-0.315-0.315-0.51-0.615-0.673-1.035c-0.123-0.317-0.27-0.794-0.31-1.671C4.631,14.688,4.622,14.403,4.622,12 s0.009-2.688,0.052-3.637c0.04-0.877,0.187-1.354,0.31-1.671c0.163-0.42,0.358-0.72,0.673-1.035 c0.315-0.315,0.615-0.51,1.035-0.673c0.317-0.123,0.794-0.27,1.671-0.31C9.312,4.631,9.597,4.622,12,4.622 M12,3 C9.556,3,9.249,3.01,8.289,3.054C7.331,3.098,6.677,3.25,6.105,3.472C5.513,3.702,5.011,4.01,4.511,4.511 c-0.5,0.5-0.808,1.002-1.038,1.594C3.25,6.677,3.098,7.331,3.054,8.289C3.01,9.249,3,9.556,3,12c0,2.444,0.01,2.751,0.054,3.711 c0.044,0.958,0.196,1.612,0.418,2.185c0.23,0.592,0.538,1.094,1.038,1.594c0.5,0.5,1.002,0.808,1.594,1.038 c0.572,0.222,1.227,0.375,2.185,0.418C9.249,20.99,9.556,21,12,21s2.751-0.01,3.711-0.054c0.958-0.044,1.612-0.196,2.185-0.418 c0.592-0.23,1.094-0.538,1.594-1.038c0.5-0.5,0.808-1.002,1.038-1.594c0.222-0.572,0.375-1.227,0.418-2.185 C20.99,14.751,21,14.444,21,12s-0.01-2.751-0.054-3.711c-0.044-0.958-0.196-1.612-0.418-2.185c-0.23-0.592-0.538-1.094-1.038-1.594 c-0.5-0.5-1.002-0.808-1.594-1.038c-0.572-0.222-1.227-0.375-2.185-0.418C14.751,3.01,14.444,3,12,3L12,3z M12,7.378 c-2.552,0-4.622,2.069-4.622,4.622S9.448,16.622,12,16.622s4.622-2.069,4.622-4.622S14.552,7.378,12,7.378z M12,15 c-1.657,0-3-1.343-3-3s1.343-3,3-3s3,1.343,3,3S13.657,15,12,15z M16.804,6.116c-0.596,0-1.08,0.484-1.08,1.08 s0.484,1.08,1.08,1.08c0.596,0,1.08-0.484,1.08-1.08S17.401,6.116,16.804,6.116z\"><\/path><\/svg><span class=\"wp-block-social-link-label screen-reader-text\">Instagram<\/span><\/a><\/li>\n\n<li class=\"wp-social-link wp-social-link-youtube  wp-block-social-link\"><a href=\"https:\/\/www.youtube.com\/amgestudiocreativo\" class=\"wp-block-social-link-anchor\" target=\"_blank\" rel=\"noopener\"><svg width=\"24\" height=\"24\" viewBox=\"0 0 24 24\" version=\"1.1\" xmlns=\"http:\/\/www.w3.org\/2000\/svg\" aria-hidden=\"true\" focusable=\"false\"><path d=\"M21.8,8.001c0,0-0.195-1.378-0.795-1.985c-0.76-0.797-1.613-0.801-2.004-0.847c-2.799-0.202-6.997-0.202-6.997-0.202 h-0.009c0,0-4.198,0-6.997,0.202C4.608,5.216,3.756,5.22,2.995,6.016C2.395,6.623,2.2,8.001,2.2,8.001S2,9.62,2,11.238v1.517 c0,1.618,0.2,3.237,0.2,3.237s0.195,1.378,0.795,1.985c0.761,0.797,1.76,0.771,2.205,0.855c1.6,0.153,6.8,0.201,6.8,0.201 s4.203-0.006,7.001-0.209c0.391-0.047,1.243-0.051,2.004-0.847c0.6-0.607,0.795-1.985,0.795-1.985s0.2-1.618,0.2-3.237v-1.517 C22,9.62,21.8,8.001,21.8,8.001z M9.935,14.594l-0.001-5.62l5.404,2.82L9.935,14.594z\"><\/path><\/svg><span class=\"wp-block-social-link-label screen-reader-text\">YouTube<\/span><\/a><\/li>\n\n<li class=\"wp-social-link wp-social-link-pinterest  wp-block-social-link\"><a href=\"https:\/\/ar.pinterest.com\/aldanagonzalezf\" class=\"wp-block-social-link-anchor\" target=\"_blank\" rel=\"noopener\"><svg width=\"24\" height=\"24\" viewBox=\"0 0 24 24\" version=\"1.1\" xmlns=\"http:\/\/www.w3.org\/2000\/svg\" aria-hidden=\"true\" focusable=\"false\"><path d=\"M12.289,2C6.617,2,3.606,5.648,3.606,9.622c0,1.846,1.025,4.146,2.666,4.878c0.25,0.111,0.381,0.063,0.439-0.169 c0.044-0.175,0.267-1.029,0.365-1.428c0.032-0.128,0.017-0.237-0.091-0.362C6.445,11.911,6.01,10.75,6.01,9.668 c0-2.777,2.194-5.464,5.933-5.464c3.23,0,5.49,2.108,5.49,5.122c0,3.407-1.794,5.768-4.13,5.768c-1.291,0-2.257-1.021-1.948-2.277 c0.372-1.495,1.089-3.112,1.089-4.191c0-0.967-0.542-1.775-1.663-1.775c-1.319,0-2.379,1.309-2.379,3.059 c0,1.115,0.394,1.869,0.394,1.869s-1.302,5.279-1.54,6.261c-0.405,1.666,0.053,4.368,0.094,4.604 c0.021,0.126,0.167,0.169,0.25,0.063c0.129-0.165,1.699-2.419,2.142-4.051c0.158-0.59,0.817-2.995,0.817-2.995 c0.43,0.784,1.681,1.446,3.013,1.446c3.963,0,6.822-3.494,6.822-7.833C20.394,5.112,16.849,2,12.289,2\"><\/path><\/svg><span class=\"wp-block-social-link-label screen-reader-text\">Pinterest<\/span><\/a><\/li><\/ul>\n\n\n\n<p><\/p>\n","protected":false},"excerpt":{"rendered":"<p>Introducci\u00f3n al mundo de la moda el dise\u00f1o y la decoraci\u00f3n. Clases pr\u00e1cticas \u00bfC\u00f3mo son las clases? El Taller para nenas se desarrolla en forma&hellip;<\/p>\n","protected":false},"author":1,"featured_media":1796,"parent":31,"menu_order":0,"comment_status":"closed","ping_status":"closed","template":"","meta":{"content-type":"","footnotes":""},"class_list":["post-1794","page","type-page","status-publish","has-post-thumbnail","hentry"],"_links":{"self":[{"href":"https:\/\/www.amgestudiocreativo.com.ar\/amg\/wp-json\/wp\/v2\/pages\/1794","targetHints":{"allow":["GET"]}}],"collection":[{"href":"https:\/\/www.amgestudiocreativo.com.ar\/amg\/wp-json\/wp\/v2\/pages"}],"about":[{"href":"https:\/\/www.amgestudiocreativo.com.ar\/amg\/wp-json\/wp\/v2\/types\/page"}],"author":[{"embeddable":true,"href":"https:\/\/www.amgestudiocreativo.com.ar\/amg\/wp-json\/wp\/v2\/users\/1"}],"replies":[{"embeddable":true,"href":"https:\/\/www.amgestudiocreativo.com.ar\/amg\/wp-json\/wp\/v2\/comments?post=1794"}],"version-history":[{"count":8,"href":"https:\/\/www.amgestudiocreativo.com.ar\/amg\/wp-json\/wp\/v2\/pages\/1794\/revisions"}],"predecessor-version":[{"id":1812,"href":"https:\/\/www.amgestudiocreativo.com.ar\/amg\/wp-json\/wp\/v2\/pages\/1794\/revisions\/1812"}],"up":[{"embeddable":true,"href":"https:\/\/www.amgestudiocreativo.com.ar\/amg\/wp-json\/wp\/v2\/pages\/31"}],"wp:featuredmedia":[{"embeddable":true,"href":"https:\/\/www.amgestudiocreativo.com.ar\/amg\/wp-json\/wp\/v2\/media\/1796"}],"wp:attachment":[{"href":"https:\/\/www.amgestudiocreativo.com.ar\/amg\/wp-json\/wp\/v2\/media?parent=1794"}],"curies":[{"name":"wp","href":"https:\/\/api.w.org\/{rel}","templated":true}]}}