{"id":174,"date":"2018-11-22T09:45:02","date_gmt":"2018-11-22T09:45:02","guid":{"rendered":"https:\/\/themepalacedemo.com\/pet-business-business-pro\/?page_id=171"},"modified":"2020-06-26T20:34:28","modified_gmt":"2020-06-26T23:34:28","slug":"acerca-de-amg-estudio-creativo","status":"publish","type":"page","link":"https:\/\/www.amgestudiocreativo.com.ar\/amg\/acerca-de-amg-estudio-creativo\/","title":{"rendered":"Acerca de AMG Estudio Creativo &#8211; Nuestros 3 pilares: Misi\u00f3n, Visi\u00f3n y Valores"},"content":{"rendered":"<p>En \u00e9sta p\u00e1gina &#8220;Acerca de AMG Estudio Creativo &#8211; Misi\u00f3n, Visi\u00f3n y Valores&#8221; te contamos\u00a0 brevemente qui\u00e9nes somos.<br \/>AMG Estudio Creativo dicta Cursos, Talleres y Seminarios de capacitaci\u00f3n.<br \/>Capacitamos mujeres y emprendedoras acerca de todo lo relacionado al Dise\u00f1o de Indumentaria, Calzado, Marroquiner\u00eda y mucho m\u00e1s.<br \/>Lo hacemos tanto para aquellas que no tienen ning\u00fan conocimiento, c\u00f3mo tambi\u00e9n para quienes quieren profundizar o expandirlos en otras \u00e1reas.<\/p>\n<p>Tenemos el placer de trabajar en esto que nos apasiona y nos llena de satisfacci\u00f3n. Ayudar y acompa\u00f1ar a las emprendedoras desde el nacimiento mismo de su proyecto. Vamos a estar con vos no s\u00f3lo desde la transmisi\u00f3n de conocimientos, sino en la elecci\u00f3n de materiales, en la validaci\u00f3n de ideas y productos, en tu planificaci\u00f3n y manejo de talleres, y mucho m\u00e1s.<\/p>\n<p>Adem\u00e1s, brindamos servicios de consultor\u00eda y asesoramiento a empresas en todas las actividades involucradas en la realizaci\u00f3n de Producto:<\/p>\n<ul>\n<li>Desde el dise\u00f1o hasta la producci\u00f3n<\/li>\n<li>Desarrollo de molder\u00eda<\/li>\n<li>Estampados y bordados<\/li>\n<li>Fichas t\u00e9cnicas correspondientes.<\/li>\n<\/ul>\n\n\n<hr class=\"wp-block-separator\"\/>\n\n\n\n<h3 class=\"wp-block-heading\">Acerca de nuestra <strong>Visi\u00f3n<\/strong><\/h3>\n\n\n\n<p>En AMG Estudio Creativo tenemos la visi\u00f3n de ser el mejor estudio de capacitaci\u00f3n de todo lo relacionado al mundo de la Indumentaria en nuestra zona de influencia.<\/p>\n\n\n\n<h3 class=\"wp-block-heading\">Acerca de nuestra <strong>Misi\u00f3n<\/strong><\/h3>\n\n\n\n<p>La Misi\u00f3n de AMG Estudio Creativo es proveer Cursos y Talleres de Capacitaci\u00f3n de alta calidad de contenidos, que nos diferencia de nuestros competidores.  Trabajamos para todas aquellas mujeres con ganas de introducirse o perfeccionar conocimientos relacionados al mundo del Dise\u00f1o de Indumentaria y afines.<br>Capacitamos y acompa\u00f1amos especialmente a las Emprendedoras, para que alcancen sus objetivos.<br>AMG Estudio Creativo busca constantemente expandir su oferta educativa para satisfacer la demanda de alumnas y emprendedores.<\/p>\n\n\n\n<h3 class=\"wp-block-heading\">Acerca de nuestros <strong>Valores<\/strong><\/h3>\n\n\n\n<p>En AMG Estudio Creativo tenemos como principales  los siguientes Valores:<\/p>\n\n\n\n<ul class=\"wp-block-list\"><li>Pasi\u00f3n:&nbsp;estar comprometidos con el coraz\u00f3n y con la mente en todo lo que hacemos.<\/li><li>Diversidad Educativa:&nbsp;contar con un amplio abanico de capacitacitaciones<\/li><li>Calidad:&nbsp;b\u00fasqueda de la excelencia<\/li><li>Empoderamiento femenino: Enfocados en potenciar mujeres en sus conocimientos, independencia econ\u00f3mica y emprendimientos<\/li><\/ul>\n\n\n\n<hr class=\"wp-block-separator\"\/>\n\n\n\n<p class=\"has-text-align-left\">Ahora que ya te contamos acerca de AMG Estudio Creativo,  qui\u00e9nes somos y qu\u00e9 hacemos en , te invitamos a que conozcas nuestra oferta de Cursos y Talleres visitando nuestro Calendario haciendo tocando este link <a href=\"https:\/\/www.amgestudiocreativo.com.ar\/amg\/calendario-de-cursos-y-talleres\/\">Ver Calendario<\/a><\/p>\n\n\n\n<hr class=\"wp-block-separator\"\/>\n\n\n\n<div class=\"wp-block-webfactory-map\"><div class=\"wp-block-webfactory-map\"><iframe loading=\"lazy\" title=\"Map\" width=\"100%\" height=\"282px\" src=\"https:\/\/www.google.com\/maps\/embed\/v1\/place?q=25%20de%20Mayo%2085%2C%20Temperley&amp;maptype=roadmap&amp;zoom=17&amp;key=AIzaSyCfwUHc4H5jWrFJgk9dzudMjq8Srgzrx3o\" frameborder=\"0\"><\/iframe><\/div><\/div>\n\n\n\n<hr class=\"wp-block-separator\"\/>\n\n\n\n<p>Visit\u00e1 y seguinos en nuestras redes sociales<\/p>\n\n\n\n<ul class=\"wp-block-social-links is-content-justification-center is-layout-flex wp-container-core-social-links-is-layout-16018d1d wp-block-social-links-is-layout-flex\"><li class=\"wp-social-link wp-social-link-facebook  wp-block-social-link\"><a href=\"https:\/\/www.facebook.com\/amgestudiocreativo\" class=\"wp-block-social-link-anchor\" target=\"_blank\" rel=\"noopener\"><svg width=\"24\" height=\"24\" viewBox=\"0 0 24 24\" version=\"1.1\" xmlns=\"http:\/\/www.w3.org\/2000\/svg\" aria-hidden=\"true\" focusable=\"false\"><path d=\"M12 2C6.5 2 2 6.5 2 12c0 5 3.7 9.1 8.4 9.9v-7H7.9V12h2.5V9.8c0-2.5 1.5-3.9 3.8-3.9 1.1 0 2.2.2 2.2.2v2.5h-1.3c-1.2 0-1.6.8-1.6 1.6V12h2.8l-.4 2.9h-2.3v7C18.3 21.1 22 17 22 12c0-5.5-4.5-10-10-10z\"><\/path><\/svg><span class=\"wp-block-social-link-label screen-reader-text\">Facebook<\/span><\/a><\/li>\n\n<li class=\"wp-social-link wp-social-link-instagram  wp-block-social-link\"><a href=\"https:\/\/www.instagram.com\/amgestudiocreativo\" class=\"wp-block-social-link-anchor\" target=\"_blank\" rel=\"noopener\"><svg width=\"24\" height=\"24\" viewBox=\"0 0 24 24\" version=\"1.1\" xmlns=\"http:\/\/www.w3.org\/2000\/svg\" aria-hidden=\"true\" focusable=\"false\"><path d=\"M12,4.622c2.403,0,2.688,0.009,3.637,0.052c0.877,0.04,1.354,0.187,1.671,0.31c0.42,0.163,0.72,0.358,1.035,0.673 c0.315,0.315,0.51,0.615,0.673,1.035c0.123,0.317,0.27,0.794,0.31,1.671c0.043,0.949,0.052,1.234,0.052,3.637 s-0.009,2.688-0.052,3.637c-0.04,0.877-0.187,1.354-0.31,1.671c-0.163,0.42-0.358,0.72-0.673,1.035 c-0.315,0.315-0.615,0.51-1.035,0.673c-0.317,0.123-0.794,0.27-1.671,0.31c-0.949,0.043-1.233,0.052-3.637,0.052 s-2.688-0.009-3.637-0.052c-0.877-0.04-1.354-0.187-1.671-0.31c-0.42-0.163-0.72-0.358-1.035-0.673 c-0.315-0.315-0.51-0.615-0.673-1.035c-0.123-0.317-0.27-0.794-0.31-1.671C4.631,14.688,4.622,14.403,4.622,12 s0.009-2.688,0.052-3.637c0.04-0.877,0.187-1.354,0.31-1.671c0.163-0.42,0.358-0.72,0.673-1.035 c0.315-0.315,0.615-0.51,1.035-0.673c0.317-0.123,0.794-0.27,1.671-0.31C9.312,4.631,9.597,4.622,12,4.622 M12,3 C9.556,3,9.249,3.01,8.289,3.054C7.331,3.098,6.677,3.25,6.105,3.472C5.513,3.702,5.011,4.01,4.511,4.511 c-0.5,0.5-0.808,1.002-1.038,1.594C3.25,6.677,3.098,7.331,3.054,8.289C3.01,9.249,3,9.556,3,12c0,2.444,0.01,2.751,0.054,3.711 c0.044,0.958,0.196,1.612,0.418,2.185c0.23,0.592,0.538,1.094,1.038,1.594c0.5,0.5,1.002,0.808,1.594,1.038 c0.572,0.222,1.227,0.375,2.185,0.418C9.249,20.99,9.556,21,12,21s2.751-0.01,3.711-0.054c0.958-0.044,1.612-0.196,2.185-0.418 c0.592-0.23,1.094-0.538,1.594-1.038c0.5-0.5,0.808-1.002,1.038-1.594c0.222-0.572,0.375-1.227,0.418-2.185 C20.99,14.751,21,14.444,21,12s-0.01-2.751-0.054-3.711c-0.044-0.958-0.196-1.612-0.418-2.185c-0.23-0.592-0.538-1.094-1.038-1.594 c-0.5-0.5-1.002-0.808-1.594-1.038c-0.572-0.222-1.227-0.375-2.185-0.418C14.751,3.01,14.444,3,12,3L12,3z M12,7.378 c-2.552,0-4.622,2.069-4.622,4.622S9.448,16.622,12,16.622s4.622-2.069,4.622-4.622S14.552,7.378,12,7.378z M12,15 c-1.657,0-3-1.343-3-3s1.343-3,3-3s3,1.343,3,3S13.657,15,12,15z M16.804,6.116c-0.596,0-1.08,0.484-1.08,1.08 s0.484,1.08,1.08,1.08c0.596,0,1.08-0.484,1.08-1.08S17.401,6.116,16.804,6.116z\"><\/path><\/svg><span class=\"wp-block-social-link-label screen-reader-text\">Instagram<\/span><\/a><\/li>\n\n<li class=\"wp-social-link wp-social-link-youtube  wp-block-social-link\"><a href=\"https:\/\/www.youtube.com\/amgestudiocreativo\" class=\"wp-block-social-link-anchor\" target=\"_blank\" rel=\"noopener\"><svg width=\"24\" height=\"24\" viewBox=\"0 0 24 24\" version=\"1.1\" xmlns=\"http:\/\/www.w3.org\/2000\/svg\" aria-hidden=\"true\" focusable=\"false\"><path d=\"M21.8,8.001c0,0-0.195-1.378-0.795-1.985c-0.76-0.797-1.613-0.801-2.004-0.847c-2.799-0.202-6.997-0.202-6.997-0.202 h-0.009c0,0-4.198,0-6.997,0.202C4.608,5.216,3.756,5.22,2.995,6.016C2.395,6.623,2.2,8.001,2.2,8.001S2,9.62,2,11.238v1.517 c0,1.618,0.2,3.237,0.2,3.237s0.195,1.378,0.795,1.985c0.761,0.797,1.76,0.771,2.205,0.855c1.6,0.153,6.8,0.201,6.8,0.201 s4.203-0.006,7.001-0.209c0.391-0.047,1.243-0.051,2.004-0.847c0.6-0.607,0.795-1.985,0.795-1.985s0.2-1.618,0.2-3.237v-1.517 C22,9.62,21.8,8.001,21.8,8.001z M9.935,14.594l-0.001-5.62l5.404,2.82L9.935,14.594z\"><\/path><\/svg><span class=\"wp-block-social-link-label screen-reader-text\">YouTube<\/span><\/a><\/li>\n\n<li class=\"wp-social-link wp-social-link-pinterest  wp-block-social-link\"><a href=\"https:\/\/ar.pinterest.com\/aldanagonzalezf\" class=\"wp-block-social-link-anchor\" target=\"_blank\" rel=\"noopener\"><svg width=\"24\" height=\"24\" viewBox=\"0 0 24 24\" version=\"1.1\" xmlns=\"http:\/\/www.w3.org\/2000\/svg\" aria-hidden=\"true\" focusable=\"false\"><path d=\"M12.289,2C6.617,2,3.606,5.648,3.606,9.622c0,1.846,1.025,4.146,2.666,4.878c0.25,0.111,0.381,0.063,0.439-0.169 c0.044-0.175,0.267-1.029,0.365-1.428c0.032-0.128,0.017-0.237-0.091-0.362C6.445,11.911,6.01,10.75,6.01,9.668 c0-2.777,2.194-5.464,5.933-5.464c3.23,0,5.49,2.108,5.49,5.122c0,3.407-1.794,5.768-4.13,5.768c-1.291,0-2.257-1.021-1.948-2.277 c0.372-1.495,1.089-3.112,1.089-4.191c0-0.967-0.542-1.775-1.663-1.775c-1.319,0-2.379,1.309-2.379,3.059 c0,1.115,0.394,1.869,0.394,1.869s-1.302,5.279-1.54,6.261c-0.405,1.666,0.053,4.368,0.094,4.604 c0.021,0.126,0.167,0.169,0.25,0.063c0.129-0.165,1.699-2.419,2.142-4.051c0.158-0.59,0.817-2.995,0.817-2.995 c0.43,0.784,1.681,1.446,3.013,1.446c3.963,0,6.822-3.494,6.822-7.833C20.394,5.112,16.849,2,12.289,2\"><\/path><\/svg><span class=\"wp-block-social-link-label screen-reader-text\">Pinterest<\/span><\/a><\/li><\/ul>\n\n\n\n<p class=\"has-text-align-center\">Sitio dise\u00f1ado y administrado por <a rel=\"noreferrer noopener\" aria-label=\" (abre en una nueva pesta\u00f1a)\" href=\"https:\/\/www.instagram.com\/falboph\" target=\"_blank\" class=\"rank-math-link\">@FalboPh<\/a><\/p>\n","protected":false},"excerpt":{"rendered":"<p>En \u00e9sta p\u00e1gina &#8220;Acerca de AMG Estudio Creativo &#8211; Misi\u00f3n, Visi\u00f3n y Valores&#8221; te contamos\u00a0 brevemente qui\u00e9nes somos.AMG Estudio Creativo dicta Cursos, Talleres y Seminarios&hellip;<\/p>\n","protected":false},"author":1,"featured_media":12,"parent":0,"menu_order":0,"comment_status":"closed","ping_status":"closed","template":"","meta":{"content-type":"","footnotes":""},"class_list":["post-174","page","type-page","status-publish","has-post-thumbnail","hentry"],"_links":{"self":[{"href":"https:\/\/www.amgestudiocreativo.com.ar\/amg\/wp-json\/wp\/v2\/pages\/174","targetHints":{"allow":["GET"]}}],"collection":[{"href":"https:\/\/www.amgestudiocreativo.com.ar\/amg\/wp-json\/wp\/v2\/pages"}],"about":[{"href":"https:\/\/www.amgestudiocreativo.com.ar\/amg\/wp-json\/wp\/v2\/types\/page"}],"author":[{"embeddable":true,"href":"https:\/\/www.amgestudiocreativo.com.ar\/amg\/wp-json\/wp\/v2\/users\/1"}],"replies":[{"embeddable":true,"href":"https:\/\/www.amgestudiocreativo.com.ar\/amg\/wp-json\/wp\/v2\/comments?post=174"}],"version-history":[{"count":5,"href":"https:\/\/www.amgestudiocreativo.com.ar\/amg\/wp-json\/wp\/v2\/pages\/174\/revisions"}],"predecessor-version":[{"id":1073,"href":"https:\/\/www.amgestudiocreativo.com.ar\/amg\/wp-json\/wp\/v2\/pages\/174\/revisions\/1073"}],"wp:featuredmedia":[{"embeddable":true,"href":"https:\/\/www.amgestudiocreativo.com.ar\/amg\/wp-json\/wp\/v2\/media\/12"}],"wp:attachment":[{"href":"https:\/\/www.amgestudiocreativo.com.ar\/amg\/wp-json\/wp\/v2\/media?parent=174"}],"curies":[{"name":"wp","href":"https:\/\/api.w.org\/{rel}","templated":true}]}}